{"id":67,"date":"2013-03-19T18:14:59","date_gmt":"2013-03-19T16:14:59","guid":{"rendered":"http:\/\/frank-stauss.de\/wordpress\/?page_id=67"},"modified":"2024-01-24T15:03:50","modified_gmt":"2024-01-24T13:03:50","slug":"autor","status":"publish","type":"page","link":"https:\/\/frank-stauss.de\/index.php\/autor\/","title":{"rendered":"\u00dcber mich"},"content":{"rendered":"<p><a href=\"http:\/\/frank-stauss.de\/wordpress\/wp-content\/uploads\/2013\/04\/portrait_frank_stauss.jpg\"><img decoding=\"async\" loading=\"lazy\" class=\"size-full wp-image-412 alignleft\" src=\"http:\/\/frank-stauss.de\/wordpress\/wp-content\/uploads\/2013\/04\/portrait_frank_stauss.jpg\" alt=\"portrait_frank_stauss\" width=\"269\" height=\"336\" srcset=\"https:\/\/frank-stauss.de\/wordpress\/wp-content\/uploads\/2013\/04\/portrait_frank_stauss.jpg 269w, https:\/\/frank-stauss.de\/wordpress\/wp-content\/uploads\/2013\/04\/portrait_frank_stauss-120x150.jpg 120w, https:\/\/frank-stauss.de\/wordpress\/wp-content\/uploads\/2013\/04\/portrait_frank_stauss-240x300.jpg 240w\" sizes=\"(max-width: 269px) 85vw, 269px\" \/><\/a><\/p>\n<p><strong>Kurz: <\/strong>Geboren am 15.2.1965 in Freiburg im Breisgau, Dipl. Politologe, Studium in Heidelberg, Washington und Berlin, Fulbright Stipendiat, Gesch\u00e4ftsf\u00fchrender Gesellschafter der Agentur Team Stauss GmbH und\u00a0Wahlkampf-Besessener mit bisher gut 30\u00a0Wahlk\u00e4mpfen in 25 Jahren.<\/p>\n<p><strong>Lang:<\/strong> Seit \u00fcber zwanzig Jahren mache ich Wahlk\u00e4mpfe, manchmal zwei bis drei im Jahr. Dass meine Leidenschaft auch zu meinem Beruf werden konnte und mich in die Wahlkampfzentralen von Berlin bis Washington und Wien bringen w\u00fcrde, hat viel mit Zufall, Gl\u00fcck, wunderbaren Mentoren, tollen Mitstreitern aber auch mit Einsatz und einer Menge Arbeit zu tun. In die Wiege gelegt wurde mir die Leidenschaft f\u00fcr Politik und Marketing jedenfalls nicht. Aber ohne die gro\u00dfartige Unterst\u00fctzung durch meine Eltern w\u00e4re ich nicht mit der notwendigen Bildung und dem daraus resultierenden Selbstbewusstsein ausgestattet worden, um am Ende doch das zu machen, was ich vermutlich am besten kann. Was auch immer das genau ist.<\/p>\n<p>Zur Welt kam ich am 15.2.1965 in Freiburg im Breisgau als kleiner Bruder von Susanne und Sohn von Erika und Peter Stau\u00df. Mit etwas \u00fcber drei Jahren war schon Schluss mit Freiburg und wir zogen in einen netten kleinen Ort namens Wiesloch &#8211; vielen bekannt durch Staumeldungen auf der Autobahn &#8211; und einigen durch den Winzerkeller, den ich ausdr\u00fccklich empfehle. Als ich eingeschult wurde, er\u00f6ffnete man in Wiesloch mit gro\u00dfen Feierlichkeiten die erste Ampelanlage. Ich empfand es als ein wenig zu viel Aufwand f\u00fcr mich, nahm es aber dankend zu Kenntnis. Ansonsten lebte ich ein recht sorgenfreies Kleinstadtleben, wenn man mal davon absieht, dass ich mich etwa ab dem 15. Lebensjahr als &#8222;The only Gay in the Village&#8220; f\u00fchlte &#8211; aber das war Anfang der 80er Jahre ohne Internet, nur drei TV-Kan\u00e4len und einer pechschwarzen Presselandschaft eben auch wesentlich anders als heute. Es ist in Zeiten von Wowereit, von Beust oder Westerwelle kaum vorstellbar &#8211; aber als ich aufwuchs, vermutete man Schwule nicht in der Politik, sondern nur in Friseursalons und der katholischen Kirche.<\/p>\n<p>Aus welchen Gr\u00fcnden auch immer begeisterte ich mich fr\u00fch f\u00fcr Politik und noch mehr f\u00fcr Wahlk\u00e4mpfe. Laut glaubw\u00fcrdigen Zeugenaussagen hatte ich schon an meinem Bonanza-Fahrrad einen SPD-Wimpel und Helmut-Schmidt-Buttons stellte ich, mangels Verf\u00fcgbarkeit in dem ziemlich schwarzen Ort, selbst her. Noch am Gymnasium gr\u00fcndete ich mit einigen Gleichgesinnten &#8211; darunter war auch die sp\u00e4tere SPD-Landesvorsitzende Ute Vogt &#8211; eine Juso-AG und engagierte mich entsprechend politisch. Aber die inhaltliche Arbeit war nicht so mein Ding &#8211; die &#8222;Verkaufe&#8220; daf\u00fcr umso mehr. In Heidelberg studierte ich Wahlforschung bei Dieter Roth, dem langj\u00e4hrigen Leiter der Forschungsgruppe Wahlen, in Washington an der George Washington University bei Barbara Kellerman Leadership Psychology und Campaigning bei Christopher Arterton. In Berlin schlie\u00dflich lernte ich den praxisnahen Wahlkampf am Otto-Suhr-Institut der Freien Universit\u00e4t bei Peter Radunski, dem langj\u00e4hrigen CDU-Bundesgesch\u00e4ftsf\u00fchrer und Wahlkampfleiter von Helmut Kohl.<\/p>\n<p>Dann ging es Schlag auf Schlag. 1989\/90 konnte ich auf Empfehlung des Bundestagsabgeordneten Gert Weisskirchen beim Aufbau der SPD in der DDR (SDP) mithelfen. 1990 kam ich mit einem Fulbright Stipendium nach Washington, wurde 1991 Praktikant bei Senator Al Gore und durfte 1992 als Mitarbeiter in die Clinton\/Gore Kampagne wechseln. Ein ausf\u00fchrliches Memorandum an Bj\u00f6rn Engholm f\u00fchrte mich 1993 in die Werbeagentur des legend\u00e4ren Werner Butter &#8211; einem der Top-Kreativen der Werbebranche und Berater der SPD. Als Konzeptioner und Texter begann in D\u00fcsseldorf meine Werber-Karriere &#8211; und die eines professionellen Wahlkampfberaters.<\/p>\n<p>\u00dcber gut 20 Jahre war ich Mitinhaber der \u00a0<a href=\"http:\/\/www.butter.de\" target=\"_blank\" rel=\"noopener\">Kommunikationsagentur BUTTER.<\/a> und habe mit einem\u00a0tollen Team \u00fcber 25\u00a0Wahlk\u00e4mpfe begleitet. Drei Mal f\u00fcr Klaus Wowereit, je zwei Mal f\u00fcr Kurt Beck, Hannelore Kraft und Olaf Scholz, f\u00fcr Gerhard Schr\u00f6der, Frank Walter Steinmeier, Michael Spindelegger in \u00d6sterreich, Dieter Reiter in M\u00fcnchen oder\u00a0f\u00fcr die wunderbare Malu Dreyer in Rheinland-Pfalz.<\/p>\n<p>Im Juli 2018 habe ich BUTTER. verlassen und eine eigene Agentur gegr\u00fcndet, die heutige Team Stauss GmbH f\u00fcr strategische Kommunikation in Berlin.<\/p>\n<p>In diesem Blog geht es h\u00e4ufig um Wahlk\u00e4mpfe, denn davon handelt auch mein Buch. Geschrieben habe ich es, weil es in Deutschland zwar eine Menge Literatur \u00fcber Marketing, Medien, PR, Werbung und Politik gibt &#8211; aber kaum \u00fcber Wahlk\u00e4mpfe. Dabei vereinen Wahlk\u00e4mpfe alles, was an Kommunikation spannend ist. Was das genau ist, das steht nat\u00fcrlich im Buch&#8230;.<\/p>\n<p>Seit 2007 lebe ich mit meinem Ehemann &#8211; ebenfalls ein Werbetexter &#8211;\u00a0 in Berlin. Zur Entspannung zieht es mich an die Seen der Uckermark oder die kleine Kanareninsel La Palma. Und damit das Leben nicht langweilig wird, k\u00fcmmern sich mein Mann und ich uns im Rahmen des &#8222;Berliner Patenprojekts&#8220; jedes zweite Wochenende um zwei wunderbare Kids einer alleinerziehenden Mutter. Das l\u00e4uft jetzt schon gute zehn Jahre und erstaunlicher Weise haben die Jungs noch nicht genug von uns&#8230;.<\/p>\n","protected":false},"excerpt":{"rendered":"<p>Kurz: Geboren am 15.2.1965 in Freiburg im Breisgau, Dipl. Politologe, Studium in Heidelberg, Washington und Berlin, Fulbright Stipendiat, Gesch\u00e4ftsf\u00fchrender Gesellschafter der Agentur Team Stauss GmbH und\u00a0Wahlkampf-Besessener mit bisher gut 30\u00a0Wahlk\u00e4mpfen in 25 Jahren. Lang: Seit \u00fcber zwanzig Jahren mache ich Wahlk\u00e4mpfe, manchmal zwei bis drei im Jahr. Dass meine Leidenschaft auch zu meinem Beruf werden &hellip; <a href=\"https:\/\/frank-stauss.de\/index.php\/autor\/\" class=\"more-link\"><span class=\"screen-reader-text\">\u201e\u00dcber mich\u201c<\/span> weiterlesen<\/a><\/p>\n","protected":false},"author":1,"featured_media":0,"parent":0,"menu_order":0,"comment_status":"closed","ping_status":"closed","template":"","meta":[],"_links":{"self":[{"href":"https:\/\/frank-stauss.de\/index.php\/wp-json\/wp\/v2\/pages\/67"}],"collection":[{"href":"https:\/\/frank-stauss.de\/index.php\/wp-json\/wp\/v2\/pages"}],"about":[{"href":"https:\/\/frank-stauss.de\/index.php\/wp-json\/wp\/v2\/types\/page"}],"author":[{"embeddable":true,"href":"https:\/\/frank-stauss.de\/index.php\/wp-json\/wp\/v2\/users\/1"}],"replies":[{"embeddable":true,"href":"https:\/\/frank-stauss.de\/index.php\/wp-json\/wp\/v2\/comments?post=67"}],"version-history":[{"count":22,"href":"https:\/\/frank-stauss.de\/index.php\/wp-json\/wp\/v2\/pages\/67\/revisions"}],"predecessor-version":[{"id":2866,"href":"https:\/\/frank-stauss.de\/index.php\/wp-json\/wp\/v2\/pages\/67\/revisions\/2866"}],"wp:attachment":[{"href":"https:\/\/frank-stauss.de\/index.php\/wp-json\/wp\/v2\/media?parent=67"}],"curies":[{"name":"wp","href":"https:\/\/api.w.org\/{rel}","templated":true}]}}