{"id":65,"date":"2013-03-19T18:14:44","date_gmt":"2013-03-19T16:14:44","guid":{"rendered":"http:\/\/frank-stauss.de\/wordpress\/?page_id=65"},"modified":"2023-01-13T11:52:26","modified_gmt":"2023-01-13T09:52:26","slug":"materialien_zum_buch","status":"publish","type":"page","link":"https:\/\/frank-stauss.de\/index.php\/materialien_zum_buch\/","title":{"rendered":"Presse"},"content":{"rendered":"<p>S\u00fcddeutsche, FAZ, Handelsblatt, Deutschlandradio, DIE ZEIT\u2026.Es ist mein erstes Buch \u2013 und nach diesen Kritiken habe ich Angst, ein zweites zu schreiben. Wie soll man das noch toppen? Danke f\u00fcr die sehr freundliche Aufnahme in den Club der Autoren \u2013 und nat\u00fcrlich auch daf\u00fcr, dass das Buch durch diese Kritiken ein SPIEGEL-Bestseller wurde.<\/p>\n<blockquote><p>Ein au\u00dfergew\u00f6hnliches Buch &#8211; fast schon Slam Poetry &#8211; in jedem Fall ganz ungew\u00f6hnlich f\u00fcr politische Literatur<\/p><\/blockquote>\n<p><em><strong>J\u00f6rg Thadeusz, RBB Radioeins, 26.8.2014<\/strong><\/em><\/p>\n<blockquote><p>So schreibt Frank Stauss: direkt und provozierend, mitunter krass, aber immer voller Herzblut \u2026&nbsp; Unbedingt lesen!<\/p><\/blockquote>\n<p><strong><em>Mirko Smiljanic, Deutschlandradio 29. April 20<\/em>13<\/strong><\/p>\n<blockquote><p>Frank Stauss ist ein K\u00e4mpfer. Ein Wahlk\u00e4mpfer, ein Ph\u00e4nomen, irgendwie ein Genie, auf jeden Fall ein Besessener \u2026 Das Buch ist sprachlich wie dramaturgisch ein Meisterst\u00fcck.<\/p><\/blockquote>\n<p><strong><em>Thomas Geisen, K\u00f6lner Stadt-Anzeiger 5. Juli 2013<\/em><\/strong><\/p>\n<blockquote><p>Das Buch ist wirklich sehr komisch, sehr instruktiv und ein Riesenvergn\u00fcgen zu lesen.<\/p><\/blockquote>\n<p><strong><em>Franziska Augstein, S\u00fcddeutsche Zeitung 15.05.2013<\/em><\/strong><\/p>\n<blockquote><p>Stauss schreibt, und das macht dieses Sachbuch zum Lesevergn\u00fcgen, in der Sprache der Werber, fast punkig und auch bei sachlichen Schilderungen immer originell<\/p><\/blockquote>\n<p><strong><em>Hartwig Hochstein, Leipziger Volkszeitung 16. August 2013<\/em><\/strong><\/p>\n<blockquote><p>In seinem packenden Buch beschreibt der Werber sein Leben als \u2018Kampagnero\u2019. Dabei liefert er das, was es sonst kaum gibt: einen wertvollen Blick hinter die Kulissen \u2026 Beinahe atemlos jagt er mit dem Leser durch den Bundestagswahlkampf 2005, bei dem er f\u00fcr Schr\u00f6der k\u00e4mpfte \u2026 Der Reiz von Stauss\u2019 Buch liegt in dem originellen Zugang, den er zur Politik hat. \u2018H\u00f6llenritt Wahlkampf\u2019 macht Lust auf Politik, Wahlkampf und auch Parteien.<\/p><\/blockquote>\n<p><strong style=\"line-height: 1.714285714; font-size: 1rem;\"><em>Catrin Bialek, Handelsblatt 7. Juni 2013<\/em><\/strong><\/p>\n<blockquote><p>Es ist spannend, aus der Sicht und im Jargon des Werbers die Interaktionen des Teams des Bundeskanzlers, des Parteivorsitzenden M\u00fcntefering und der Werbeagentur zu verfolgen, immer in der Reaktion auf das Handeln von CDU und CSU.<\/p><\/blockquote>\n<p><strong><em>Wolfgang J\u00e4ger, Frankfurter Allgemeine Zeitung, 26.8.2013<\/em><\/strong><\/p>\n<blockquote><p>\u203aH\u00f6llenritt Wahlkampf\u2039 ist hoch spannend, gibt einen Insider-Blick in Kampa &amp; Co und lebt auch von dem Wissen, das sich Stauss in zwei Jahrzehnten Wahlkampf im In- und Ausland angeeignet hat.<\/p><\/blockquote>\n<p><em id=\"__mceDel\"><strong style=\"line-height: 1.714285714; font-size: 1rem;\"><em>NRZ Neue Ruhr Zeitung Ruhr \/ Neue Rhein Zeitung 21.05.2013<\/em><\/strong><\/em><\/p>\n<blockquote><p>H\u00f6llenritt Wahlkampf: Wer einmal damit angefangen hat, kommt von diesem Buch nicht mehr los. Spannend, aufschlussreich, ehrlich.<\/p><\/blockquote>\n<p><strong><em>WDR WestART 30. April 2013<\/em><\/strong><\/p>\n<blockquote><p><em id=\"__mceDel\" style=\"line-height: 1.714285714; font-size: 1rem;\">Er wirbt f\u00fcr Markenprodukte, von Joghurt bis Stahl, und er ber\u00e4t Politiker. Am liebsten aber gestaltet Frank Stauss Wahlk\u00e4mpfe \u2026 \u2018Ich liebe es, ich hasse es\u2019, schreibt er \u00fcber sein Leben unter Druck und Erfolgszwang. Je hei\u00dfer und h\u00e4rter, desto besser und besessener.&nbsp;<\/em><\/p><\/blockquote>\n<p><em id=\"__mceDel\" style=\"line-height: 1.714285714; font-size: 1rem;\"><em id=\"__mceDel\"><strong style=\"line-height: 1.714285714; font-size: 1rem;\"><em>Werner A. Perger, DIE ZEIT, 23. Mai 2013<\/em><\/strong><\/em><\/em><\/p>\n<blockquote><p>Ein ungew\u00f6hnlich schonungsloser, offener Insiderbericht \u2013 ein ehrlicher Blick hinter die Kulissen der Politik.<\/p><\/blockquote>\n<p><strong><em>Wolfgang Taus, Wiener Zeitung 17. Juni 2013<\/em><\/strong><\/p>\n<blockquote><p>H\u00f6llenritt contra Angie-Reihe oder Die B\u00fccherschlacht um Berlin: Stauss liefert mit seinem Insiderbericht das testosterongeschw\u00e4ngerte Gegenst\u00fcck zur possierlichen Angie-Reihe \u2026<\/p><\/blockquote>\n<p><strong><em>Peter Dausend, DIE ZEIT 6. Juni 2013<\/em><\/strong><\/p>\n<blockquote><p>Wer etwas \u00fcber Mega-Belastung und Dauerstress, \u00fcber das wahrhaft Menschliche in der Politik heute erfahren will, der lese dieses Buch.<\/p><\/blockquote>\n<p><strong><em>Sigmar Gabriel, SPD-Parteivorsitzender, Vorw\u00e4rts 1. Juli 2013<\/em><\/strong><\/p>\n<blockquote><p>(Frank Stauss) ist wahlkampfbesessen, erfolgsorientiert, total pragmatisch, r\u00e4umt mit s\u00e4mtlichen Klischees auf und dr\u00f6selt mal auf, was es wirklich bedeutet, Politiker zu sein und eine Kampagne zu durchlaufen\u2026 Ein sehr, sehr gutes Buch. Dieses Buch empfehle ich jedem!&#8220;&nbsp;<em>Lydia Herms:<\/em> \u201cMit das beste politische Buch, das ich seit ewigen Zeiten gelesen habe.<\/p><\/blockquote>\n<p><em><strong>Thomas Wosch, &nbsp;rbb-radioeins zum Thema Wahlkampf \u2013 Literatur, 17.9.2013<\/strong><\/em><\/p>\n<blockquote><p>Der Politikberater und Werbe-Experte ist seit mehr als 20 Jahren Wahlkampf-Manager \u2026 Stauss beobachtet eine \u2018schleichende Ver\u00e4chtlichmachung der Demokratie\u2019, Politiker seien \u2018die S\u00fcndenb\u00f6cke in Deutschland\u2019. Die Demokratie sei vielen W\u00e4hlern \u2018weniger wert als eine ordentliche Rasur\u2019, wettert er gegen die grassierende Wahlm\u00fcdigkeit. \u2018Nicht zu w\u00e4hlen, gar nichts zu tun und sich am Ende dar\u00fcber auch noch zu beschweren\u2019 \u2013 das geht allerdings \u00fcberhaupt nicht.\u2019 Seine Mahnung: \u2018Wir benehmen uns die ganze Zeit so, als wenn wir noch eine zweite Demokratie im Kofferraum h\u00e4tten.\u2019<\/p><\/blockquote>\n<p><strong><em>Gisela Steinhauer, Deutschlandradio 24. August 2013<\/em><\/strong><\/p>\n<blockquote><p>Das kurzweilige Buch ist spannend wie gute Strandlekt\u00fcre und so lehrreich, dass es Pflichtlekt\u00fcre im Politikstudium sein sollte.<\/p><\/blockquote>\n<p><strong><em>PR Report, Hamburg 1. September 2013<\/em><\/strong><\/p>\n<blockquote><p>Wie spannend Wahlkampf ist \u2013 auch und gerade f\u00fcr Werber \u2013 zeigt dieses Buch \u2026 Markenf\u00fchrung und Markenkommunikation sind in der Politik noch viel anspruchsvoller als in der Produktwerbung. Und alle reden mit: der politische Gegner, die Medien, vor allem die W\u00e4hler. Was das f\u00fcr das Polit-Marketing hei\u00dft, beschreibt Frank Stauss so anschaulich und nah am Geschehen wie selten jemand zuvor.<\/p><\/blockquote>\n<p><strong><em>Christoph Pause, acquisa 1. Juli 2013<\/em><\/strong><\/p>\n<blockquote><p>\u2026\u2019 sollte zur Lekt\u00fcre f\u00fcr alle, die Wahlk\u00e4mpfe absolvieren m\u00fcssen oder das Geschehen von au\u00dfen beobachten d\u00fcrfen, geh\u00f6ren!<\/p><\/blockquote>\n<p><strong><em>Hendrik Tr\u00e4ger, Portal f\u00fcr Politikwissenschaft 23. Juli 2013<\/em><\/strong><\/p>\n<blockquote><p>Stauss erz\u00e4hlt in einem packenden Stakkato, dass ein Wahlkampf harte, stressige Arbeit ist\u2026Allemal aufschlussreich ist sein Buch, weil er aus der Perspektive des Wahl-Machers erz\u00e4hlt, dass zum Beispiel Charisma weniger wichtig ist als das richtige Timing. Und: Es ist ein Pl\u00e4doyer gegen Politikverdrossenheit.<\/p><\/blockquote>\n<p><strong><em>Alexander Kluy, Buchjournal 1. August 2013<\/em><\/strong><\/p>\n<blockquote><p>\u2026 ein Politikberater, der ein irre gutes Buch \u00fcber den Wahlkampf geschrieben hat.<\/p><\/blockquote>\n<p><strong>Evelyn Roll, S\u00fcddeutsche Zeitung, 16.4. 2014<\/strong><\/p>\n<h1><strong>Weitere Stimmen zum Buch:<\/strong><\/h1>\n<blockquote><p>Frank Stauss ist einer der wichtigsten Wahlk\u00e4mpfer der Gegenwart und hat nun ein sehr spannendes und lesenswertes Buch vorgelegt \u2026 Sie haben eine Lesevergn\u00fcgen sondergleichen vor sich. Das Buch werden Sie nicht so schnell aus der Hand legen.<\/p><\/blockquote>\n<p><strong><em>Peter Radunski, CDU-Gesch\u00e4ftsf\u00fchrer 1981 -1991, Senator a. D. 24. April 2013&nbsp;<\/em><\/strong><\/p>\n<blockquote><p>Das Buch ist geschrieben, wie ein Wahlkampf sein sollte: Schn\u00f6rkellos und auf den Punkt.<\/p><\/blockquote>\n<p><strong style=\"line-height: 1.714285714; font-size: 1rem;\"><em>Olaf Scholz, Erster B\u00fcrgermeister der Freien und Hansestadt Hamburg 11. Mai 2013<\/em><\/strong><\/p>\n<blockquote><p>Endlich ein ehrliches Buch \u00fcber Politik. Klug, lustig, nachdenklich, ausgezeichnet geschrieben \u2013 und das von einem Werber. Lesen!<\/p><\/blockquote>\n<p><strong><em>Hajo Schumacher 18. April 2013<\/em><\/strong><\/p>\n<blockquote><p>\u2026 die neue Pflichtlekt\u00fcre aller Wahlkampfbegeisterten.<\/p><\/blockquote>\n<p><em id=\"__mceDel\"><strong style=\"line-height: 1.714285714; font-size: 1rem;\"><em>Klaus Ness, Generalsekret\u00e4r der SPD Brandenburg Juni 2013<\/em><\/strong><\/em><\/p>\n<blockquote><p>Frank Stauss hat einen harten Sprach-Sound, ohne zynisch zu sein. Ein grandioses Buch.<\/p><\/blockquote>\n<p><em id=\"__mceDel\" style=\"line-height: 1.714285714; font-size: 1rem;\"><em id=\"__mceDel\"><strong style=\"line-height: 1.714285714; font-size: 1rem;\"><em>Jost Kaiser, Bestseller Autor von \u201cAls Helmut Schmidt einmal..\u201d 18. April 2013<\/em><\/strong><\/em><\/em><\/p>\n<h1><strong>Materialien zum Buch<\/strong><\/h1>\n<p>In &#8222;H\u00f6llenritt-Wahlkampf&#8220; habe ich die Hintergr\u00fcnde zahlreicher Wahlk\u00e4mpfe beschrieben. Hier finden Sie zu den einzelnen Kapiteln eine Auswahl an Materialien wie Plakate, Spots oder Dokumente. Schauen Sie immer mal wieder vorbei, es wird im Laufe der Zeit noch einiges dazu kommen. Viel Spa\u00df auf der Zeitreise durch Wahlk\u00e4mpfe aus zwei Jahrzehnten. \u00dcbrigens: Infos zu den Kampagnen, die wir in unserer Agentur jenseits der Politik entwickeln, finden Sie auf der Homepage von <a href=\"http:\/\/butter.de\">BUTTER.<\/a><\/p>\n<hr>\n<h5><a title=\"Im Buch ab Seite 26: Showcase Hamburg 2011 \u2013 Die perfekte Kampagne\" href=\"http:\/\/frank-stauss.de\/wordpress\/?page_id=290\">Im Buch ab Seite 26:<\/a><\/h5>\n<h1><a title=\"Im Buch ab Seite 26: Showcase Hamburg 2011 \u2013 Die perfekte Kampagne\" href=\"http:\/\/frank-stauss.de\/wordpress\/?page_id=290\">Showcase Hamburg 2011 &#8211; Die perfekte Kampagne<\/a><\/h1>\n<p><a href=\"http:\/\/frank-stauss.de\/wordpress\/?page_id=290\"><img decoding=\"async\" loading=\"lazy\" class=\"alignnone size-full wp-image-260\" src=\"http:\/\/frank-stauss.de\/wordpress\/wp-content\/uploads\/2013\/03\/wahl2011_klarheit.jpg\" alt=\"sphWK0001_18_1_HH_2_Dekade_2ed.indd\" width=\"425\" height=\"300\" srcset=\"https:\/\/frank-stauss.de\/wordpress\/wp-content\/uploads\/2013\/03\/wahl2011_klarheit.jpg 1500w, https:\/\/frank-stauss.de\/wordpress\/wp-content\/uploads\/2013\/03\/wahl2011_klarheit-150x106.jpg 150w, https:\/\/frank-stauss.de\/wordpress\/wp-content\/uploads\/2013\/03\/wahl2011_klarheit-300x212.jpg 300w, https:\/\/frank-stauss.de\/wordpress\/wp-content\/uploads\/2013\/03\/wahl2011_klarheit-624x441.jpg 624w\" sizes=\"(max-width: 425px) 85vw, 425px\" \/><\/a><\/p>\n<p>Die Kampagne f\u00fcr Olaf Scholz ist bisher die einzige, die ich als perfekt bezeichnen w\u00fcrde. <a href=\"http:\/\/frank-stauss.de\/wordpress\/?page_id=290\">mehr&#8230;<\/a><\/p>\n<hr>\n<h5><a title=\"Im Buch ab Seite 35: Showcase DDR 1990 \u2013 Die erste freie Wahl\" href=\"http:\/\/frank-stauss.de\/wordpress\/?page_id=270\">Im Buch ab Seite 35:<\/a><\/h5>\n<h1><a title=\"Im Buch ab Seite 35: Showcase DDR 1990 \u2013 Die erste freie Wahl\" href=\"http:\/\/frank-stauss.de\/wordpress\/?page_id=270\">Showcase DDR 1990 &#8211; Die erste freie Wahl<\/a><\/h1>\n<p><a title=\"Im Buch ab Seite 35: Showcase DDR 1990 \u2013 Die erste freie Wahl\" href=\"http:\/\/frank-stauss.de\/wordpress\/?page_id=270\"><img decoding=\"async\" loading=\"lazy\" class=\"alignnone size-large wp-image-271\" src=\"http:\/\/frank-stauss.de\/wordpress\/wp-content\/uploads\/2013\/03\/wahl1990_wiesloch23-196x300.jpg\" alt=\"wahl1990_wiesloch23\" width=\"196\" height=\"300\" srcset=\"https:\/\/frank-stauss.de\/wordpress\/wp-content\/uploads\/2013\/03\/wahl1990_wiesloch23-196x300.jpg 196w, https:\/\/frank-stauss.de\/wordpress\/wp-content\/uploads\/2013\/03\/wahl1990_wiesloch23-98x150.jpg 98w, https:\/\/frank-stauss.de\/wordpress\/wp-content\/uploads\/2013\/03\/wahl1990_wiesloch23.jpg 327w\" sizes=\"(max-width: 196px) 85vw, 196px\" \/><\/a><\/p>\n<p>Unwiederbringlich: die erste und letzte freie Wahl in der DDR.&nbsp;<a title=\"Im Buch ab Seite 35: Showcase DDR 1990 \u2013 Die erste freie Wahl\" href=\"http:\/\/frank-stauss.de\/wordpress\/?page_id=270\">mehr&#8230;<\/a><\/p>\n<hr>\n<h5><a title=\"Im Buch ab Seite 46: Showcase Berlin 2011 \u2013 Der rot\/gr\u00fcne Bruderkrieg\" href=\"http:\/\/frank-stauss.de\/wordpress\/?page_id=259\">Im Buch ab Seite 46:<\/a><\/h5>\n<h1><a title=\"Im Buch ab Seite 46: Showcase Berlin 2011 \u2013 Der rot\/gr\u00fcne Bruderkrieg\" href=\"http:\/\/frank-stauss.de\/wordpress\/?page_id=259\">Showcase Berlin 2011 &#8211; Der rot\/gr\u00fcne Bruderkrieg<\/a><\/h1>\n<p><a href=\"http:\/\/frank-stauss.de\/wordpress\/?page_id=259\"><img decoding=\"async\" loading=\"lazy\" class=\"alignnone size-full wp-image-282\" src=\"http:\/\/frank-stauss.de\/wordpress\/wp-content\/uploads\/2013\/03\/berlin2011_motiv4.jpg\" alt=\"berlin2011_motiv4\" width=\"425\" height=\"300\" srcset=\"https:\/\/frank-stauss.de\/wordpress\/wp-content\/uploads\/2013\/03\/berlin2011_motiv4.jpg 708w, https:\/\/frank-stauss.de\/wordpress\/wp-content\/uploads\/2013\/03\/berlin2011_motiv4-150x106.jpg 150w, https:\/\/frank-stauss.de\/wordpress\/wp-content\/uploads\/2013\/03\/berlin2011_motiv4-300x212.jpg 300w, https:\/\/frank-stauss.de\/wordpress\/wp-content\/uploads\/2013\/03\/berlin2011_motiv4-624x441.jpg 624w\" sizes=\"(max-width: 425px) 85vw, 425px\" \/><\/a><\/p>\n<p>Eine Kampagne, deren konsequente Reduktion Ma\u00dfst\u00e4be setzte. Gro\u00dfartig fotografiert von Oliver Helbig.&nbsp;<a title=\"Im Buch ab Seite 46: Showcase Berlin 2011 \u2013 Der rot\/gr\u00fcne Bruderkrieg\" href=\"http:\/\/frank-stauss.de\/wordpress\/?page_id=259\">mehr&#8230;<\/a><\/p>\n<hr>\n<h5><a title=\"Im Buch ab Seite 59: Showcase NRW 2008-2012: NRW im Herzen\" href=\"http:\/\/frank-stauss.de\/wordpress\/?page_id=255\">Im Buch ab Seite 59:<\/a><\/h5>\n<h1><a title=\"Im Buch ab Seite 59: Showcase NRW 2008-2012: NRW im Herzen\" href=\"http:\/\/frank-stauss.de\/wordpress\/?page_id=255\">Showcase NRW 2008-2012: NRW im Herzen<\/a><\/h1>\n<p><a title=\"Im Buch ab Seite 59: Showcase NRW 2008-2012: NRW im Herzen\" href=\"http:\/\/frank-stauss.de\/wordpress\/index.php\/materialien_zum_buch\/im-buch-ab-seite-71-zeitbomben-clintongore-1992-2\/\"><img decoding=\"async\" loading=\"lazy\" class=\"alignnone size-full wp-image-254\" src=\"http:\/\/frank-stauss.de\/wordpress\/wp-content\/uploads\/2013\/03\/wahl2012_nrw_im_herzen.jpg\" alt=\"wahl2012_nrw_im_herzen\" width=\"425\" height=\"300\" srcset=\"https:\/\/frank-stauss.de\/wordpress\/wp-content\/uploads\/2013\/03\/wahl2012_nrw_im_herzen.jpg 1000w, https:\/\/frank-stauss.de\/wordpress\/wp-content\/uploads\/2013\/03\/wahl2012_nrw_im_herzen-150x106.jpg 150w, https:\/\/frank-stauss.de\/wordpress\/wp-content\/uploads\/2013\/03\/wahl2012_nrw_im_herzen-300x212.jpg 300w, https:\/\/frank-stauss.de\/wordpress\/wp-content\/uploads\/2013\/03\/wahl2012_nrw_im_herzen-624x441.jpg 624w\" sizes=\"(max-width: 425px) 85vw, 425px\" \/><\/a><\/p>\n<p>NRW nach nur f\u00fcnf Jahren wieder f\u00fcr die SPD zur\u00fcck zu gewinnen, war eigentlich unm\u00f6glich.&nbsp;<a title=\"Im Buch ab Seite 59: Showcase NRW 2008-2012: NRW im Herzen\" href=\"http:\/\/frank-stauss.de\/wordpress\/?page_id=255\">mehr&#8230;<\/a><\/p>\n<hr>\n<h5><a title=\"Im Buch ab Seite 71: Zeitbomben, Clinton\/Gore 1992\" href=\"http:\/\/frank-stauss.de\/wordpress\/?page_id=215\">Im Buch ab Seite 71:<\/a><\/h5>\n<h1><a title=\"Im Buch ab Seite 71: Zeitbomben, Clinton\/Gore 1992\" href=\"http:\/\/frank-stauss.de\/wordpress\/?page_id=215\">Zeitbomben, Clinton\/Gore 1992<\/a><\/h1>\n<p><a title=\"Im Buch ab Seite 71: Zeitbomben, Clinton\/Gore 1992\" href=\"http:\/\/frank-stauss.de\/wordpress\/index.php\/materialien_zum_buch\/im-buch-ab-seite-71-zeitbomben-clintongore-1992\/\"><img decoding=\"async\" loading=\"lazy\" class=\"alignnone size-full wp-image-223\" src=\"http:\/\/frank-stauss.de\/wordpress\/wp-content\/uploads\/2013\/03\/wahl92_insight.jpg\" alt=\"wahl92_insight\" width=\"445\" height=\"300\" srcset=\"https:\/\/frank-stauss.de\/wordpress\/wp-content\/uploads\/2013\/03\/wahl92_insight.jpg 741w, https:\/\/frank-stauss.de\/wordpress\/wp-content\/uploads\/2013\/03\/wahl92_insight-150x101.jpg 150w, https:\/\/frank-stauss.de\/wordpress\/wp-content\/uploads\/2013\/03\/wahl92_insight-300x202.jpg 300w, https:\/\/frank-stauss.de\/wordpress\/wp-content\/uploads\/2013\/03\/wahl92_insight-624x421.jpg 624w\" sizes=\"(max-width: 445px) 85vw, 445px\" \/><\/a><\/p>\n<p>Wie alles begann: Nach dem Wahlkampf in den USA schrieb ich ein freches Memo an Bj\u00f6rn Engholm. Von dort gelangte es zu Werner Butter und ich an meinen ersten Job als Werber.&nbsp;<a title=\"Im Buch ab Seite 71: Zeitbomben, Clinton\/Gore 1992\" href=\"http:\/\/frank-stauss.de\/wordpress\/?page_id=215\">mehr&#8230;<\/a><\/p>\n<hr>\n<h5><a title=\"Im Buch ab Seite 79: Bundestagswahl 2005 \u2013 der H\u00f6llenritt\" href=\"http:\/\/frank-stauss.de\/wordpress\/?page_id=154\">Im Buch ab Seite 79:<\/a><\/h5>\n<h1><a title=\"Im Buch ab Seite 79: Bundestagswahl 2005 \u2013 der H\u00f6llenritt\" href=\"http:\/\/frank-stauss.de\/wordpress\/?page_id=154\">Bundestagswahl 2005 &#8211; der H\u00f6llenritt<\/a><\/h1>\n<p><a href=\"http:\/\/frank-stauss.de\/wordpress\/?page_id=154\"><img decoding=\"async\" loading=\"lazy\" class=\"alignnone size-full wp-image-128\" src=\"http:\/\/frank-stauss.de\/wordpress\/wp-content\/uploads\/2013\/03\/wk_2005_standhaft.jpg\" alt=\"Wahlkampf 2005: Plakat Kanzler Frieden\" width=\"425\" height=\"300\" srcset=\"https:\/\/frank-stauss.de\/wordpress\/wp-content\/uploads\/2013\/03\/wk_2005_standhaft.jpg 708w, https:\/\/frank-stauss.de\/wordpress\/wp-content\/uploads\/2013\/03\/wk_2005_standhaft-300x211.jpg 300w, https:\/\/frank-stauss.de\/wordpress\/wp-content\/uploads\/2013\/03\/wk_2005_standhaft-624x440.jpg 624w\" sizes=\"(max-width: 425px) 85vw, 425px\" \/><\/a><\/p>\n<p>Nie zuvor wurden in so kurzer Zeit so viele W\u00e4hlerstimmen bewegt wie in dieser fulminanten Schlacht um die Macht. <a title=\"Im Buch ab Seite 79: Bundestagswahl 2005 \u2013 der H\u00f6llenritt\" href=\"http:\/\/frank-stauss.de\/wordpress\/?page_id=154\">mehr&#8230;<\/a><\/p>\n","protected":false},"excerpt":{"rendered":"<p>S\u00fcddeutsche, FAZ, Handelsblatt, Deutschlandradio, DIE ZEIT\u2026.Es ist mein erstes Buch \u2013 und nach diesen Kritiken habe ich Angst, ein zweites zu schreiben. Wie soll man das noch toppen? Danke f\u00fcr die sehr freundliche Aufnahme in den Club der Autoren \u2013 und nat\u00fcrlich auch daf\u00fcr, dass das Buch durch diese Kritiken ein SPIEGEL-Bestseller wurde. Ein au\u00dfergew\u00f6hnliches &hellip; <a href=\"https:\/\/frank-stauss.de\/index.php\/materialien_zum_buch\/\" class=\"more-link\"><span class=\"screen-reader-text\">\u201ePresse\u201c<\/span> weiterlesen<\/a><\/p>\n","protected":false},"author":1,"featured_media":0,"parent":0,"menu_order":0,"comment_status":"closed","ping_status":"closed","template":"","meta":[],"_links":{"self":[{"href":"https:\/\/frank-stauss.de\/index.php\/wp-json\/wp\/v2\/pages\/65"}],"collection":[{"href":"https:\/\/frank-stauss.de\/index.php\/wp-json\/wp\/v2\/pages"}],"about":[{"href":"https:\/\/frank-stauss.de\/index.php\/wp-json\/wp\/v2\/types\/page"}],"author":[{"embeddable":true,"href":"https:\/\/frank-stauss.de\/index.php\/wp-json\/wp\/v2\/users\/1"}],"replies":[{"embeddable":true,"href":"https:\/\/frank-stauss.de\/index.php\/wp-json\/wp\/v2\/comments?post=65"}],"version-history":[{"count":61,"href":"https:\/\/frank-stauss.de\/index.php\/wp-json\/wp\/v2\/pages\/65\/revisions"}],"predecessor-version":[{"id":2812,"href":"https:\/\/frank-stauss.de\/index.php\/wp-json\/wp\/v2\/pages\/65\/revisions\/2812"}],"wp:attachment":[{"href":"https:\/\/frank-stauss.de\/index.php\/wp-json\/wp\/v2\/media?parent=65"}],"curies":[{"name":"wp","href":"https:\/\/api.w.org\/{rel}","templated":true}]}}