{"id":270,"date":"2013-03-30T20:23:53","date_gmt":"2013-03-30T18:23:53","guid":{"rendered":"http:\/\/frank-stauss.de\/wordpress\/?page_id=270"},"modified":"2013-04-09T18:10:27","modified_gmt":"2013-04-09T16:10:27","slug":"im-buch-ab-seite-35-showcase-ddr-1990-die-erste-freie-wahl","status":"publish","type":"page","link":"https:\/\/frank-stauss.de\/index.php\/materialien_zum_buch\/im-buch-ab-seite-35-showcase-ddr-1990-die-erste-freie-wahl\/","title":{"rendered":"<div>Im Buch ab Seite 35: <\/div>Showcase DDR 1990 &#8211; Die erste freie Wahl"},"content":{"rendered":"<p>Unwiederbringlich: die erste und letzte freie Wahl in der DDR.\u00a0 Mehrere Monate durfte ich die SDP (Sozialdemokratische Partei der DDR) im Berliner B\u00fcro des SPD Parteivorstandes (damals noch Bonn) unterst\u00fctzen. Eine fantastische Gemengelage aus Aufbruch, Abschied, Chaos, Verrat, Bananen und der Stasi. Als 25-J\u00e4hriger berichtete ich in unserer Heimatzeitung von meinem Einsatz in diesem unbekannten Land. Das Hemd stammte leider aus dem Westen und zeigt, dass dort auch nicht alles gut war. Warum Willy Brandt \u00fcbrigens pl\u00f6tzlich vor meinem Fernseher landete, steht im Buch.<\/p>\n<p>Wer sie noch nicht kannte:<br \/>\nDie Wieslocher Woche, von Kennern &#8222;WiWo&#8220; genannt.<br \/>\n<a href=\"http:\/\/frank-stauss.de\/wordpress\/wp-content\/uploads\/2013\/03\/wahl1990_wiesloch23.pdf\" target=\"_blank\"><img decoding=\"async\" loading=\"lazy\" class=\"alignnone size-medium wp-image-271\" alt=\"wahl1990_wiesloch23\" src=\"http:\/\/frank-stauss.de\/wordpress\/wp-content\/uploads\/2013\/03\/wahl1990_wiesloch23-98x150.jpg\" width=\"98\" height=\"150\" srcset=\"https:\/\/frank-stauss.de\/wordpress\/wp-content\/uploads\/2013\/03\/wahl1990_wiesloch23-98x150.jpg 98w, https:\/\/frank-stauss.de\/wordpress\/wp-content\/uploads\/2013\/03\/wahl1990_wiesloch23-196x300.jpg 196w, https:\/\/frank-stauss.de\/wordpress\/wp-content\/uploads\/2013\/03\/wahl1990_wiesloch23.jpg 327w\" sizes=\"(max-width: 98px) 85vw, 98px\" \/><\/a>\u00a0\u00a0<a href=\"http:\/\/frank-stauss.de\/wordpress\/wp-content\/uploads\/2013\/03\/wahl1990_wiesloch24.pdf\" target=\"_blank\"><img decoding=\"async\" loading=\"lazy\" class=\"alignnone size-medium wp-image-273\" alt=\"wahl1990_wiesloch24\" src=\"http:\/\/frank-stauss.de\/wordpress\/wp-content\/uploads\/2013\/03\/wahl1990_wiesloch24-100x150.jpg\" width=\"100\" height=\"150\" srcset=\"https:\/\/frank-stauss.de\/wordpress\/wp-content\/uploads\/2013\/03\/wahl1990_wiesloch24-100x150.jpg 100w, https:\/\/frank-stauss.de\/wordpress\/wp-content\/uploads\/2013\/03\/wahl1990_wiesloch24-201x300.jpg 201w, https:\/\/frank-stauss.de\/wordpress\/wp-content\/uploads\/2013\/03\/wahl1990_wiesloch24.jpg 336w\" sizes=\"(max-width: 100px) 85vw, 100px\" \/><\/a><\/p>\n","protected":false},"excerpt":{"rendered":"<p>Unwiederbringlich: die erste und letzte freie Wahl in der DDR.\u00a0 Mehrere Monate durfte ich die SDP (Sozialdemokratische Partei der DDR) im Berliner B\u00fcro des SPD Parteivorstandes (damals noch Bonn) unterst\u00fctzen. Eine fantastische Gemengelage aus Aufbruch, Abschied, Chaos, Verrat, Bananen und der Stasi. Als 25-J\u00e4hriger berichtete ich in unserer Heimatzeitung von meinem Einsatz in diesem unbekannten &hellip; <a href=\"https:\/\/frank-stauss.de\/index.php\/materialien_zum_buch\/im-buch-ab-seite-35-showcase-ddr-1990-die-erste-freie-wahl\/\" class=\"more-link\"><span class=\"screen-reader-text\">\u201e<\/p>\n<div>Im Buch ab Seite 35: <\/div>\n<p>Showcase DDR 1990 &#8211; Die erste freie Wahl\u201c<\/span> weiterlesen<\/a><\/p>\n","protected":false},"author":1,"featured_media":0,"parent":65,"menu_order":0,"comment_status":"closed","ping_status":"closed","template":"","meta":[],"_links":{"self":[{"href":"https:\/\/frank-stauss.de\/index.php\/wp-json\/wp\/v2\/pages\/270"}],"collection":[{"href":"https:\/\/frank-stauss.de\/index.php\/wp-json\/wp\/v2\/pages"}],"about":[{"href":"https:\/\/frank-stauss.de\/index.php\/wp-json\/wp\/v2\/types\/page"}],"author":[{"embeddable":true,"href":"https:\/\/frank-stauss.de\/index.php\/wp-json\/wp\/v2\/users\/1"}],"replies":[{"embeddable":true,"href":"https:\/\/frank-stauss.de\/index.php\/wp-json\/wp\/v2\/comments?post=270"}],"version-history":[{"count":5,"href":"https:\/\/frank-stauss.de\/index.php\/wp-json\/wp\/v2\/pages\/270\/revisions"}],"predecessor-version":[{"id":310,"href":"https:\/\/frank-stauss.de\/index.php\/wp-json\/wp\/v2\/pages\/270\/revisions\/310"}],"up":[{"embeddable":true,"href":"https:\/\/frank-stauss.de\/index.php\/wp-json\/wp\/v2\/pages\/65"}],"wp:attachment":[{"href":"https:\/\/frank-stauss.de\/index.php\/wp-json\/wp\/v2\/media?parent=270"}],"curies":[{"name":"wp","href":"https:\/\/api.w.org\/{rel}","templated":true}]}}