{"id":259,"date":"2013-03-30T20:11:11","date_gmt":"2013-03-30T18:11:11","guid":{"rendered":"http:\/\/frank-stauss.de\/wordpress\/?page_id=259"},"modified":"2013-04-05T12:09:58","modified_gmt":"2013-04-05T10:09:58","slug":"im-buch-ab-seite-46-showcase-berlin-2011-der-rotgrune-bruderkrieg","status":"publish","type":"page","link":"https:\/\/frank-stauss.de\/index.php\/materialien_zum_buch\/im-buch-ab-seite-46-showcase-berlin-2011-der-rotgrune-bruderkrieg\/","title":{"rendered":"<div>Im Buch ab Seite 46: <\/div>Showcase Berlin 2011 &#8211; Der rot\/gr\u00fcne Bruderkrieg"},"content":{"rendered":"<p>Eine Kampagne, deren konsequente Reduktion Ma\u00dfst\u00e4be setzte. Gro\u00dfartig fotografiert von Oliver Helbig, zeigen die Motive die Stadt mit ihren Macken, ihrer Vielfalt aber eben auch mit Herz. Gerade hinter dieser Einfachheit steckte viel Forschung und eine ganze Menge strategischer Hirnschmalz. Die \u00e4ltere Dame schlug \u00fcbrigens noch einen &#8222;Kaffee beim Regierenden&#8220; raus, damit wir das Bild einsetzen durften. Und das &#8222;Schnappi-Motiv&#8220; wurde rasch zum modernen Klassiker der Wahlkampf-Motive &#8211; mit eigenem Auftritt in der Harald-Schmidt-Show.<\/p>\n<p>Mitten in den Wahlkampf platzte auch noch die Katastrophe von Fukushima. Warum die einstmals deutlich f\u00fchrende Renate K\u00fcnast dennoch immer mehr Stimmen verlor, steht im Buch.<\/p>\n<p>Politikaward 2011: Sieger<\/p>\n<p>Plakate (fotografiert von Oliver Helbig):<br \/>\n<a href=\"http:\/\/frank-stauss.de\/wordpress\/wp-content\/uploads\/2013\/03\/berlin2011_motiv1.jpg\"><img decoding=\"async\" loading=\"lazy\" class=\"alignnone size-medium wp-image-279\" alt=\"spdIM1021_18-1_1ste_Dekade_5jf.indd\" src=\"http:\/\/frank-stauss.de\/wordpress\/wp-content\/uploads\/2013\/03\/berlin2011_motiv1-150x106.jpg\" width=\"150\" height=\"106\" srcset=\"https:\/\/frank-stauss.de\/wordpress\/wp-content\/uploads\/2013\/03\/berlin2011_motiv1-150x106.jpg 150w, https:\/\/frank-stauss.de\/wordpress\/wp-content\/uploads\/2013\/03\/berlin2011_motiv1-300x212.jpg 300w, https:\/\/frank-stauss.de\/wordpress\/wp-content\/uploads\/2013\/03\/berlin2011_motiv1-624x441.jpg 624w, https:\/\/frank-stauss.de\/wordpress\/wp-content\/uploads\/2013\/03\/berlin2011_motiv1.jpg 708w\" sizes=\"(max-width: 150px) 85vw, 150px\" \/><\/a>\u00a0\u00a0<a href=\"http:\/\/frank-stauss.de\/wordpress\/wp-content\/uploads\/2013\/03\/berlin2011_motiv2.jpg\"><img decoding=\"async\" loading=\"lazy\" class=\"alignnone size-medium wp-image-280\" alt=\"spdIM1021_18-1_1ste_Dekade_5jf.indd\" src=\"http:\/\/frank-stauss.de\/wordpress\/wp-content\/uploads\/2013\/03\/berlin2011_motiv2-150x106.jpg\" width=\"150\" height=\"106\" srcset=\"https:\/\/frank-stauss.de\/wordpress\/wp-content\/uploads\/2013\/03\/berlin2011_motiv2-150x106.jpg 150w, https:\/\/frank-stauss.de\/wordpress\/wp-content\/uploads\/2013\/03\/berlin2011_motiv2-300x212.jpg 300w, https:\/\/frank-stauss.de\/wordpress\/wp-content\/uploads\/2013\/03\/berlin2011_motiv2-624x441.jpg 624w, https:\/\/frank-stauss.de\/wordpress\/wp-content\/uploads\/2013\/03\/berlin2011_motiv2.jpg 708w\" sizes=\"(max-width: 150px) 85vw, 150px\" \/><\/a>\u00a0\u00a0<a href=\"http:\/\/frank-stauss.de\/wordpress\/wp-content\/uploads\/2013\/03\/berlin2011_motiv3.jpg\"><img decoding=\"async\" loading=\"lazy\" class=\"alignnone size-medium wp-image-281\" alt=\"berlin2011_motiv3\" src=\"http:\/\/frank-stauss.de\/wordpress\/wp-content\/uploads\/2013\/03\/berlin2011_motiv3-150x106.jpg\" width=\"150\" height=\"106\" srcset=\"https:\/\/frank-stauss.de\/wordpress\/wp-content\/uploads\/2013\/03\/berlin2011_motiv3-150x106.jpg 150w, https:\/\/frank-stauss.de\/wordpress\/wp-content\/uploads\/2013\/03\/berlin2011_motiv3-300x212.jpg 300w, https:\/\/frank-stauss.de\/wordpress\/wp-content\/uploads\/2013\/03\/berlin2011_motiv3-624x441.jpg 624w, https:\/\/frank-stauss.de\/wordpress\/wp-content\/uploads\/2013\/03\/berlin2011_motiv3.jpg 708w\" sizes=\"(max-width: 150px) 85vw, 150px\" \/><\/a>\u00a0\u00a0<a href=\"http:\/\/frank-stauss.de\/wordpress\/wp-content\/uploads\/2013\/03\/berlin2011_motiv4.jpg\"><img decoding=\"async\" loading=\"lazy\" class=\"alignnone size-medium wp-image-282\" alt=\"berlin2011_motiv4\" src=\"http:\/\/frank-stauss.de\/wordpress\/wp-content\/uploads\/2013\/03\/berlin2011_motiv4-150x106.jpg\" width=\"150\" height=\"106\" srcset=\"https:\/\/frank-stauss.de\/wordpress\/wp-content\/uploads\/2013\/03\/berlin2011_motiv4-150x106.jpg 150w, https:\/\/frank-stauss.de\/wordpress\/wp-content\/uploads\/2013\/03\/berlin2011_motiv4-300x212.jpg 300w, https:\/\/frank-stauss.de\/wordpress\/wp-content\/uploads\/2013\/03\/berlin2011_motiv4-624x441.jpg 624w, https:\/\/frank-stauss.de\/wordpress\/wp-content\/uploads\/2013\/03\/berlin2011_motiv4.jpg 708w\" sizes=\"(max-width: 150px) 85vw, 150px\" \/><\/a> <a href=\"http:\/\/frank-stauss.de\/wordpress\/wp-content\/uploads\/2013\/03\/berlin2011_motiv5.jpg\"><img decoding=\"async\" loading=\"lazy\" class=\"alignnone size-medium wp-image-283\" alt=\"berlin2011_motiv5\" src=\"http:\/\/frank-stauss.de\/wordpress\/wp-content\/uploads\/2013\/03\/berlin2011_motiv5-150x106.jpg\" width=\"150\" height=\"106\" srcset=\"https:\/\/frank-stauss.de\/wordpress\/wp-content\/uploads\/2013\/03\/berlin2011_motiv5-150x106.jpg 150w, https:\/\/frank-stauss.de\/wordpress\/wp-content\/uploads\/2013\/03\/berlin2011_motiv5-300x212.jpg 300w, https:\/\/frank-stauss.de\/wordpress\/wp-content\/uploads\/2013\/03\/berlin2011_motiv5-624x441.jpg 624w, https:\/\/frank-stauss.de\/wordpress\/wp-content\/uploads\/2013\/03\/berlin2011_motiv5.jpg 708w\" sizes=\"(max-width: 150px) 85vw, 150px\" \/><\/a>\u00a0\u00a0<a href=\"http:\/\/frank-stauss.de\/wordpress\/wp-content\/uploads\/2013\/03\/berlin2011_motiv6.jpg\"><img decoding=\"async\" loading=\"lazy\" class=\"alignnone size-medium wp-image-284\" alt=\"spdIM1023_18_1_3te_Dekade_3ml.indd\" src=\"http:\/\/frank-stauss.de\/wordpress\/wp-content\/uploads\/2013\/03\/berlin2011_motiv6-150x106.jpg\" width=\"150\" height=\"106\" srcset=\"https:\/\/frank-stauss.de\/wordpress\/wp-content\/uploads\/2013\/03\/berlin2011_motiv6-150x106.jpg 150w, https:\/\/frank-stauss.de\/wordpress\/wp-content\/uploads\/2013\/03\/berlin2011_motiv6-300x212.jpg 300w, https:\/\/frank-stauss.de\/wordpress\/wp-content\/uploads\/2013\/03\/berlin2011_motiv6-624x441.jpg 624w, https:\/\/frank-stauss.de\/wordpress\/wp-content\/uploads\/2013\/03\/berlin2011_motiv6.jpg 708w\" sizes=\"(max-width: 150px) 85vw, 150px\" \/><\/a><\/p>\n","protected":false},"excerpt":{"rendered":"<p>Eine Kampagne, deren konsequente Reduktion Ma\u00dfst\u00e4be setzte. Gro\u00dfartig fotografiert von Oliver Helbig, zeigen die Motive die Stadt mit ihren Macken, ihrer Vielfalt aber eben auch mit Herz. Gerade hinter dieser Einfachheit steckte viel Forschung und eine ganze Menge strategischer Hirnschmalz. Die \u00e4ltere Dame schlug \u00fcbrigens noch einen &#8222;Kaffee beim Regierenden&#8220; raus, damit wir das Bild &hellip; <a href=\"https:\/\/frank-stauss.de\/index.php\/materialien_zum_buch\/im-buch-ab-seite-46-showcase-berlin-2011-der-rotgrune-bruderkrieg\/\" class=\"more-link\"><span class=\"screen-reader-text\">\u201e<\/p>\n<div>Im Buch ab Seite 46: <\/div>\n<p>Showcase Berlin 2011 &#8211; Der rot\/gr\u00fcne Bruderkrieg\u201c<\/span> weiterlesen<\/a><\/p>\n","protected":false},"author":1,"featured_media":0,"parent":65,"menu_order":0,"comment_status":"closed","ping_status":"closed","template":"","meta":[],"_links":{"self":[{"href":"https:\/\/frank-stauss.de\/index.php\/wp-json\/wp\/v2\/pages\/259"}],"collection":[{"href":"https:\/\/frank-stauss.de\/index.php\/wp-json\/wp\/v2\/pages"}],"about":[{"href":"https:\/\/frank-stauss.de\/index.php\/wp-json\/wp\/v2\/types\/page"}],"author":[{"embeddable":true,"href":"https:\/\/frank-stauss.de\/index.php\/wp-json\/wp\/v2\/users\/1"}],"replies":[{"embeddable":true,"href":"https:\/\/frank-stauss.de\/index.php\/wp-json\/wp\/v2\/comments?post=259"}],"version-history":[{"count":7,"href":"https:\/\/frank-stauss.de\/index.php\/wp-json\/wp\/v2\/pages\/259\/revisions"}],"predecessor-version":[{"id":364,"href":"https:\/\/frank-stauss.de\/index.php\/wp-json\/wp\/v2\/pages\/259\/revisions\/364"}],"up":[{"embeddable":true,"href":"https:\/\/frank-stauss.de\/index.php\/wp-json\/wp\/v2\/pages\/65"}],"wp:attachment":[{"href":"https:\/\/frank-stauss.de\/index.php\/wp-json\/wp\/v2\/media?parent=259"}],"curies":[{"name":"wp","href":"https:\/\/api.w.org\/{rel}","templated":true}]}}