{"id":255,"date":"2013-03-30T19:56:06","date_gmt":"2013-03-30T17:56:06","guid":{"rendered":"http:\/\/frank-stauss.de\/wordpress\/?page_id=255"},"modified":"2013-04-05T12:09:22","modified_gmt":"2013-04-05T10:09:22","slug":"im-buch-ab-seite-71-zeitbomben-clintongore-1992-2","status":"publish","type":"page","link":"https:\/\/frank-stauss.de\/index.php\/materialien_zum_buch\/im-buch-ab-seite-71-zeitbomben-clintongore-1992-2\/","title":{"rendered":"<div>Im Buch ab Seite 59: <\/div>Showcase NRW 2008-2012: NRW im Herzen"},"content":{"rendered":"<p>NRW nach nur f\u00fcnf Jahren CDU\/FDP-Regierung wieder f\u00fcr die SPD zur\u00fcck zu gewinnen, war eigentlich unm\u00f6glich. Vor allem nach dem Wahl-Katastrophenjahr 2009. Schaffen konnte das nur Hannelore Kraft, die im Wahlkampf alles richtig machte und J\u00fcrgen R\u00fcttgers auf dem v\u00f6llig falschen Fu\u00df erwischte. Nach zwei Jahren Minderheitsregierung kamen dann 2012 Neuwahlen. Und am Ende zog die SPD nicht gerade knapp an der CDU vorbei. Denn obwohl die Umfragen zu Beginn des Wahlkampfes noch Gleichstand signalisierten, lag die SPD am Wahlabend fette 12,8% vorne. Ein grandioses Comeback &#8211; na gut &#8211; mit ein bisschen Hilfe der Konkurrenz. Was alles bei uns gut und bei den anderen falsch lief &#8211; das steht \u00fcbrigens im Buch.<\/p>\n<p>Politikaward 2010: Nominiert<br \/>\nPolitikaward 2012: Sieger<\/p>\n<p>Plakat Wahl 2012 (Fotografiert von Oliver Tjaden):<br \/>\n<a href=\"http:\/\/frank-stauss.de\/wordpress\/wp-content\/uploads\/2013\/03\/wahl2012_nrw_im_herzen.jpg\"><img decoding=\"async\" loading=\"lazy\" class=\"alignnone size-medium wp-image-254\" alt=\"wahl2012_nrw_im_herzen\" src=\"http:\/\/frank-stauss.de\/wordpress\/wp-content\/uploads\/2013\/03\/wahl2012_nrw_im_herzen-150x106.jpg\" width=\"150\" height=\"106\" srcset=\"https:\/\/frank-stauss.de\/wordpress\/wp-content\/uploads\/2013\/03\/wahl2012_nrw_im_herzen-150x106.jpg 150w, https:\/\/frank-stauss.de\/wordpress\/wp-content\/uploads\/2013\/03\/wahl2012_nrw_im_herzen-300x212.jpg 300w, https:\/\/frank-stauss.de\/wordpress\/wp-content\/uploads\/2013\/03\/wahl2012_nrw_im_herzen-624x441.jpg 624w, https:\/\/frank-stauss.de\/wordpress\/wp-content\/uploads\/2013\/03\/wahl2012_nrw_im_herzen.jpg 1000w\" sizes=\"(max-width: 150px) 85vw, 150px\" \/><\/a><\/p>\n<p>Plakate Wahl 2010<br \/>\n(Themenmotive fotografiert von Franklin Berger, Hannelore Kraft fotografiert von Uta Wagner):<\/p>\n<p><a href=\"http:\/\/frank-stauss.de\/wordpress\/wp-content\/uploads\/2013\/03\/wahl2010_freude.jpg\"><img decoding=\"async\" loading=\"lazy\" class=\"alignnone size-medium wp-image-249\" alt=\"wahl2010_freude\" src=\"http:\/\/frank-stauss.de\/wordpress\/wp-content\/uploads\/2013\/03\/wahl2010_freude-150x106.jpg\" width=\"150\" height=\"106\" srcset=\"https:\/\/frank-stauss.de\/wordpress\/wp-content\/uploads\/2013\/03\/wahl2010_freude-150x106.jpg 150w, https:\/\/frank-stauss.de\/wordpress\/wp-content\/uploads\/2013\/03\/wahl2010_freude-300x212.jpg 300w, https:\/\/frank-stauss.de\/wordpress\/wp-content\/uploads\/2013\/03\/wahl2010_freude-624x441.jpg 624w, https:\/\/frank-stauss.de\/wordpress\/wp-content\/uploads\/2013\/03\/wahl2010_freude.jpg 708w\" sizes=\"(max-width: 150px) 85vw, 150px\" \/><\/a>\u00a0\u00a0<a href=\"http:\/\/frank-stauss.de\/wordpress\/wp-content\/uploads\/2013\/03\/wahl2010_respekt.jpg\"><img decoding=\"async\" loading=\"lazy\" class=\"alignnone size-medium wp-image-252\" style=\"font-size: 1rem; line-height: 1;\" alt=\"SPD_NRW_1Dekade_final_RZ04.indd\" src=\"http:\/\/frank-stauss.de\/wordpress\/wp-content\/uploads\/2013\/03\/wahl2010_respekt-150x106.jpg\" width=\"150\" height=\"106\" srcset=\"https:\/\/frank-stauss.de\/wordpress\/wp-content\/uploads\/2013\/03\/wahl2010_respekt-150x106.jpg 150w, https:\/\/frank-stauss.de\/wordpress\/wp-content\/uploads\/2013\/03\/wahl2010_respekt-300x212.jpg 300w, https:\/\/frank-stauss.de\/wordpress\/wp-content\/uploads\/2013\/03\/wahl2010_respekt-624x441.jpg 624w, https:\/\/frank-stauss.de\/wordpress\/wp-content\/uploads\/2013\/03\/wahl2010_respekt.jpg 708w\" sizes=\"(max-width: 150px) 85vw, 150px\" \/><\/a>\u00a0\u00a0<a href=\"http:\/\/frank-stauss.de\/wordpress\/wp-content\/uploads\/2013\/03\/wahl2010_stolz.jpg\"><img decoding=\"async\" loading=\"lazy\" class=\"alignnone size-medium wp-image-253\" style=\"font-size: 1rem; line-height: 1;\" alt=\"wahl2010_stolz\" src=\"http:\/\/frank-stauss.de\/wordpress\/wp-content\/uploads\/2013\/03\/wahl2010_stolz-150x106.jpg\" width=\"150\" height=\"106\" srcset=\"https:\/\/frank-stauss.de\/wordpress\/wp-content\/uploads\/2013\/03\/wahl2010_stolz-150x106.jpg 150w, https:\/\/frank-stauss.de\/wordpress\/wp-content\/uploads\/2013\/03\/wahl2010_stolz-300x212.jpg 300w, https:\/\/frank-stauss.de\/wordpress\/wp-content\/uploads\/2013\/03\/wahl2010_stolz-624x441.jpg 624w, https:\/\/frank-stauss.de\/wordpress\/wp-content\/uploads\/2013\/03\/wahl2010_stolz.jpg 708w\" sizes=\"(max-width: 150px) 85vw, 150px\" \/><\/a>\u00a0\u00a0<a style=\"line-height: 1.714285714; font-size: 1rem;\" href=\"http:\/\/frank-stauss.de\/wordpress\/wp-content\/uploads\/2013\/03\/wahl2010_fair.jpg\"><img decoding=\"async\" loading=\"lazy\" class=\"alignnone size-medium wp-image-248\" alt=\"2.Dekade_RZ04.indd\" src=\"http:\/\/frank-stauss.de\/wordpress\/wp-content\/uploads\/2013\/03\/wahl2010_fair-150x106.jpg\" width=\"150\" height=\"106\" srcset=\"https:\/\/frank-stauss.de\/wordpress\/wp-content\/uploads\/2013\/03\/wahl2010_fair-150x106.jpg 150w, https:\/\/frank-stauss.de\/wordpress\/wp-content\/uploads\/2013\/03\/wahl2010_fair-300x212.jpg 300w, https:\/\/frank-stauss.de\/wordpress\/wp-content\/uploads\/2013\/03\/wahl2010_fair-624x441.jpg 624w, https:\/\/frank-stauss.de\/wordpress\/wp-content\/uploads\/2013\/03\/wahl2010_fair.jpg 708w\" sizes=\"(max-width: 150px) 85vw, 150px\" \/><\/a><a style=\"line-height: 1.714285714; font-size: 1rem;\" href=\"http:\/\/frank-stauss.de\/wordpress\/wp-content\/uploads\/2013\/03\/wahl2010_einsatz.jpg\"><img decoding=\"async\" loading=\"lazy\" class=\"alignnone size-medium wp-image-247\" alt=\"wahl2010_einsatz\" src=\"http:\/\/frank-stauss.de\/wordpress\/wp-content\/uploads\/2013\/03\/wahl2010_einsatz-150x106.jpg\" width=\"150\" height=\"106\" srcset=\"https:\/\/frank-stauss.de\/wordpress\/wp-content\/uploads\/2013\/03\/wahl2010_einsatz-150x106.jpg 150w, https:\/\/frank-stauss.de\/wordpress\/wp-content\/uploads\/2013\/03\/wahl2010_einsatz-300x212.jpg 300w, https:\/\/frank-stauss.de\/wordpress\/wp-content\/uploads\/2013\/03\/wahl2010_einsatz-624x441.jpg 624w, https:\/\/frank-stauss.de\/wordpress\/wp-content\/uploads\/2013\/03\/wahl2010_einsatz.jpg 708w\" sizes=\"(max-width: 150px) 85vw, 150px\" \/><\/a>\u00a0\u00a0<a href=\"http:\/\/frank-stauss.de\/wordpress\/wp-content\/uploads\/2013\/03\/wahl2010_herzlich.jpg\"><img decoding=\"async\" loading=\"lazy\" class=\"alignnone size-medium wp-image-250\" style=\"font-size: 1rem; line-height: 1;\" alt=\"2.Dekade_RZ04.indd\" src=\"http:\/\/frank-stauss.de\/wordpress\/wp-content\/uploads\/2013\/03\/wahl2010_herzlich-150x106.jpg\" width=\"150\" height=\"106\" srcset=\"https:\/\/frank-stauss.de\/wordpress\/wp-content\/uploads\/2013\/03\/wahl2010_herzlich-150x106.jpg 150w, https:\/\/frank-stauss.de\/wordpress\/wp-content\/uploads\/2013\/03\/wahl2010_herzlich-300x212.jpg 300w, https:\/\/frank-stauss.de\/wordpress\/wp-content\/uploads\/2013\/03\/wahl2010_herzlich-624x441.jpg 624w, https:\/\/frank-stauss.de\/wordpress\/wp-content\/uploads\/2013\/03\/wahl2010_herzlich.jpg 708w\" sizes=\"(max-width: 150px) 85vw, 150px\" \/><\/a>\u00a0\u00a0<a style=\"line-height: 1.714285714; font-size: 1rem;\" href=\"http:\/\/frank-stauss.de\/wordpress\/wp-content\/uploads\/2013\/03\/wahl2010_kraft.jpg\"><img decoding=\"async\" loading=\"lazy\" class=\"alignnone size-medium wp-image-251\" alt=\"Kampagne_DK3_RZ03_V2-1.indd\" src=\"http:\/\/frank-stauss.de\/wordpress\/wp-content\/uploads\/2013\/03\/wahl2010_kraft-150x106.jpg\" width=\"150\" height=\"106\" srcset=\"https:\/\/frank-stauss.de\/wordpress\/wp-content\/uploads\/2013\/03\/wahl2010_kraft-150x106.jpg 150w, https:\/\/frank-stauss.de\/wordpress\/wp-content\/uploads\/2013\/03\/wahl2010_kraft-300x212.jpg 300w, https:\/\/frank-stauss.de\/wordpress\/wp-content\/uploads\/2013\/03\/wahl2010_kraft-624x441.jpg 624w, https:\/\/frank-stauss.de\/wordpress\/wp-content\/uploads\/2013\/03\/wahl2010_kraft.jpg 708w\" sizes=\"(max-width: 150px) 85vw, 150px\" \/><\/a><\/p>\n","protected":false},"excerpt":{"rendered":"<p>NRW nach nur f\u00fcnf Jahren CDU\/FDP-Regierung wieder f\u00fcr die SPD zur\u00fcck zu gewinnen, war eigentlich unm\u00f6glich. Vor allem nach dem Wahl-Katastrophenjahr 2009. Schaffen konnte das nur Hannelore Kraft, die im Wahlkampf alles richtig machte und J\u00fcrgen R\u00fcttgers auf dem v\u00f6llig falschen Fu\u00df erwischte. Nach zwei Jahren Minderheitsregierung kamen dann 2012 Neuwahlen. Und am Ende zog &hellip; <a href=\"https:\/\/frank-stauss.de\/index.php\/materialien_zum_buch\/im-buch-ab-seite-71-zeitbomben-clintongore-1992-2\/\" class=\"more-link\"><span class=\"screen-reader-text\">\u201e<\/p>\n<div>Im Buch ab Seite 59: <\/div>\n<p>Showcase NRW 2008-2012: NRW im Herzen\u201c<\/span> weiterlesen<\/a><\/p>\n","protected":false},"author":1,"featured_media":0,"parent":65,"menu_order":0,"comment_status":"closed","ping_status":"closed","template":"","meta":[],"_links":{"self":[{"href":"https:\/\/frank-stauss.de\/index.php\/wp-json\/wp\/v2\/pages\/255"}],"collection":[{"href":"https:\/\/frank-stauss.de\/index.php\/wp-json\/wp\/v2\/pages"}],"about":[{"href":"https:\/\/frank-stauss.de\/index.php\/wp-json\/wp\/v2\/types\/page"}],"author":[{"embeddable":true,"href":"https:\/\/frank-stauss.de\/index.php\/wp-json\/wp\/v2\/users\/1"}],"replies":[{"embeddable":true,"href":"https:\/\/frank-stauss.de\/index.php\/wp-json\/wp\/v2\/comments?post=255"}],"version-history":[{"count":8,"href":"https:\/\/frank-stauss.de\/index.php\/wp-json\/wp\/v2\/pages\/255\/revisions"}],"predecessor-version":[{"id":315,"href":"https:\/\/frank-stauss.de\/index.php\/wp-json\/wp\/v2\/pages\/255\/revisions\/315"}],"up":[{"embeddable":true,"href":"https:\/\/frank-stauss.de\/index.php\/wp-json\/wp\/v2\/pages\/65"}],"wp:attachment":[{"href":"https:\/\/frank-stauss.de\/index.php\/wp-json\/wp\/v2\/media?parent=255"}],"curies":[{"name":"wp","href":"https:\/\/api.w.org\/{rel}","templated":true}]}}