{"id":2544,"date":"2021-04-18T17:38:12","date_gmt":"2021-04-18T15:38:12","guid":{"rendered":"http:\/\/frank-stauss.de\/?page_id=2544"},"modified":"2024-01-24T15:01:22","modified_gmt":"2024-01-24T13:01:22","slug":"keynotes-buchungen","status":"publish","type":"page","link":"https:\/\/frank-stauss.de\/index.php\/keynotes-buchungen\/","title":{"rendered":"Keynotes \/ Buchungen"},"content":{"rendered":"<div class=\"\">\n<p><span style=\"text-decoration: underline;\"><strong>Keynotes &#8211; Redner-Buchungen<\/strong><\/span><\/p>\n<\/div>\n<div class=\"\">\n<p><a href=\"http:\/\/frank-stauss.de\/wordpress\/wp-content\/uploads\/2013\/03\/Maybrit-Illner-17.11.16.jpg\"><img decoding=\"async\" loading=\"lazy\" class=\"alignnone size-large wp-image-1682\" src=\"http:\/\/frank-stauss.de\/wordpress\/wp-content\/uploads\/2013\/03\/Maybrit-Illner-17.11.16-300x153.jpg\" alt=\"maybrit-illner-17-11-16\" width=\"300\" height=\"153\" srcset=\"https:\/\/frank-stauss.de\/wordpress\/wp-content\/uploads\/2013\/03\/Maybrit-Illner-17.11.16-300x153.jpg 300w, https:\/\/frank-stauss.de\/wordpress\/wp-content\/uploads\/2013\/03\/Maybrit-Illner-17.11.16-150x77.jpg 150w, https:\/\/frank-stauss.de\/wordpress\/wp-content\/uploads\/2013\/03\/Maybrit-Illner-17.11.16-768x392.jpg 768w, https:\/\/frank-stauss.de\/wordpress\/wp-content\/uploads\/2013\/03\/Maybrit-Illner-17.11.16-1200x612.jpg 1200w\" sizes=\"(max-width: 300px) 85vw, 300px\" \/><\/a><\/p>\n<p>Frank Stauss hat als Keynote-Speaker und Panel-Teilnehmer bereits tausende Zuh\u00f6rer*innen begeistert.<\/p>\n<p><a href=\"http:\/\/frank-stauss.de\/wordpress\/wp-content\/uploads\/2020\/05\/AKS-Sprachenzentrum_-153.jpg\"><img decoding=\"async\" loading=\"lazy\" class=\"size-large wp-image-2426\" src=\"http:\/\/frank-stauss.de\/wordpress\/wp-content\/uploads\/2020\/05\/AKS-Sprachenzentrum_-153-300x200.jpg\" alt=\"50. Geburtstag AKS an der Uni Viadrina\" width=\"300\" height=\"200\" srcset=\"https:\/\/frank-stauss.de\/wordpress\/wp-content\/uploads\/2020\/05\/AKS-Sprachenzentrum_-153-300x200.jpg 300w, https:\/\/frank-stauss.de\/wordpress\/wp-content\/uploads\/2020\/05\/AKS-Sprachenzentrum_-153-150x100.jpg 150w, https:\/\/frank-stauss.de\/wordpress\/wp-content\/uploads\/2020\/05\/AKS-Sprachenzentrum_-153-768x512.jpg 768w, https:\/\/frank-stauss.de\/wordpress\/wp-content\/uploads\/2020\/05\/AKS-Sprachenzentrum_-153-1200x800.jpg 1200w\" sizes=\"(max-width: 300px) 85vw, 300px\" \/><\/a><\/p>\n<p>Seine Medienauftritte von Maybrit Illner bis Markus Lanz und Experteninterviews f\u00fcr BBC World News, Tagesschau, heute-journal, ZIB2 (ORF), Phoenix (Runde) und viele mehr unterstreichen diese Expertise.<\/p>\n<p><a href=\"http:\/\/frank-stauss.de\/wordpress\/wp-content\/uploads\/2013\/08\/180820132662.jpg\"><img decoding=\"async\" loading=\"lazy\" class=\"alignnone size-large wp-image-563\" src=\"http:\/\/frank-stauss.de\/wordpress\/wp-content\/uploads\/2013\/08\/180820132662-300x225.jpg\" alt=\"180820132662\" width=\"300\" height=\"225\" srcset=\"https:\/\/frank-stauss.de\/wordpress\/wp-content\/uploads\/2013\/08\/180820132662-300x225.jpg 300w, https:\/\/frank-stauss.de\/wordpress\/wp-content\/uploads\/2013\/08\/180820132662-150x112.jpg 150w, https:\/\/frank-stauss.de\/wordpress\/wp-content\/uploads\/2013\/08\/180820132662-624x468.jpg 624w, https:\/\/frank-stauss.de\/wordpress\/wp-content\/uploads\/2013\/08\/180820132662.jpg 640w\" sizes=\"(max-width: 300px) 85vw, 300px\" \/><\/a><\/p>\n<p>Buchen Sie Frank Stauss \u00fcber<\/p>\n<\/div>\n<div class=\"col sm-6\">\n<p><strong>London Speaker Bureau Germany<\/strong><br \/>\nGellertstr. 8<br \/>\n76185 Karlsruhe<\/p>\n<\/div>\n<div class=\"col sm-6\">\n<p><strong>Telefon &amp; E-Mail<\/strong><br \/>\n<a class=\"phone-number\" href=\"tel:+49 721 9209 8228\">+49 721 9209 8228<\/a><br \/>\nredner@londonspeakerbureau.de<\/p>\n<\/div>\n<div class=\"\">\n<p><strong>Buchungsanfragen auch \u00fcber: kontakt@teamstauss.de<\/strong><\/p>\n<p>Vortragssprachen: Deutsch \/ Englisch<\/p>\n<\/div>\n<div class=\"\">\n<p><a href=\"http:\/\/frank-stauss.de\/wordpress\/wp-content\/uploads\/2020\/05\/AKS-Sprachenzentrum_-149.jpg\"><img decoding=\"async\" loading=\"lazy\" class=\"size-large wp-image-2425\" src=\"http:\/\/frank-stauss.de\/wordpress\/wp-content\/uploads\/2020\/05\/AKS-Sprachenzentrum_-149-300x200.jpg\" alt=\"50. Geburtstag AKS an der Uni Viadrina\" width=\"300\" height=\"200\" srcset=\"https:\/\/frank-stauss.de\/wordpress\/wp-content\/uploads\/2020\/05\/AKS-Sprachenzentrum_-149-300x200.jpg 300w, https:\/\/frank-stauss.de\/wordpress\/wp-content\/uploads\/2020\/05\/AKS-Sprachenzentrum_-149-150x100.jpg 150w, https:\/\/frank-stauss.de\/wordpress\/wp-content\/uploads\/2020\/05\/AKS-Sprachenzentrum_-149-768x512.jpg 768w, https:\/\/frank-stauss.de\/wordpress\/wp-content\/uploads\/2020\/05\/AKS-Sprachenzentrum_-149-1200x800.jpg 1200w\" sizes=\"(max-width: 300px) 85vw, 300px\" \/><\/a><\/p>\n<\/div>\n<div class=\"\"><span style=\"text-decoration: underline;\"><strong>Themenschwerpunkte:\u00a0<\/strong><\/span><\/div>\n<div class=\"\"><\/div>\n<div class=\"\"><strong>Das Hochamt der Kommunikation:\u00a0<\/strong><\/div>\n<div class=\"\">\n<p>Wahlk\u00e4mpfe und politische Kommunikation im digitalen Zeitalter &#8211; und wie man diese Erfahrungen f\u00fcr Unternehmen, NGOs, Verb\u00e4nde nutzen kann.<\/p>\n<p><strong>Die Nostalgiefalle<\/strong><br \/>\nWarum viele Menschen aber auch Unternehmen ihre Zukunft in der Vergangenheit suchen &#8211; und wie man sie aus dieser Nostalgiefalle befreien kann.<\/p>\n<\/div>\n<div class=\"\"><strong>Was bleibt, was kommt, was geht:\u00a0<\/strong><\/div>\n<div class=\"\">\n<p>Transformationsprozesse in Politik, Wirtschaft und Gesellschaft.<\/p>\n<\/div>\n<div class=\"\"><strong>Kommunikation 2001-2021:\u00a0<\/strong><\/div>\n<div class=\"\">\n<p>Warum dazwischen ein Jahrhundert liegt.<\/p>\n<\/div>\n<div class=\"\"><strong>Wie erreiche ich wen, wenn alle etwas anderes sehen?<\/strong><\/div>\n<div class=\"\">\n<p>Medienwandel und seine Auswirkungen auf die Gesellschaft.<\/p>\n<\/div>\n<div class=\"\"><strong>Me Too, Fridays for Future, Globale Konflikte &#8211; Alles wird politisch<\/strong>:<\/div>\n<div class=\"\">\n<p>Weshalb Unternehmen sich nicht mehr \u201eheraushalten\u201c k\u00f6nnen.<\/p>\n<\/div>\n<div class=\"\"><strong>Die Macht der Sprache.<\/strong><\/div>\n<div class=\"\">\n<p>Die untersch\u00e4tzte Rolle der Worte in visuellen Zeiten.<\/p>\n<\/div>\n<div class=\"\">\u00a0<a href=\"http:\/\/frank-stauss.de\/wordpress\/wp-content\/uploads\/2013\/09\/ML-OD.jpg\"><img decoding=\"async\" loading=\"lazy\" class=\"alignnone size-large wp-image-620\" src=\"http:\/\/frank-stauss.de\/wordpress\/wp-content\/uploads\/2013\/09\/ML-OD-300x187.jpg\" alt=\"ML-OD\" width=\"300\" height=\"187\" srcset=\"https:\/\/frank-stauss.de\/wordpress\/wp-content\/uploads\/2013\/09\/ML-OD-300x187.jpg 300w, https:\/\/frank-stauss.de\/wordpress\/wp-content\/uploads\/2013\/09\/ML-OD-150x93.jpg 150w, https:\/\/frank-stauss.de\/wordpress\/wp-content\/uploads\/2013\/09\/ML-OD-624x390.jpg 624w, https:\/\/frank-stauss.de\/wordpress\/wp-content\/uploads\/2013\/09\/ML-OD.jpg 705w\" sizes=\"(max-width: 300px) 85vw, 300px\" \/><\/a><\/div>\n<div class=\"\"><strong><u class=\"\"><br \/>\nReferenzen (Auszug):<\/u><\/strong><\/div>\n<div class=\"\"><\/div>\n<div class=\"\">\n<div class=\"\">BDEW, Landesgruppe Mitteldeutschland<\/div>\n<div class=\"\">Bertelsmann Stiftung<\/div>\n<div class=\"\">Bonner Akademie<\/div>\n<div class=\"\">Campaign Tech Europe<\/div>\n<div class=\"\">Deutsche Bank AG<\/div>\n<div class=\"\">Deutsche B\u00f6rse AG<\/div>\n<div class=\"\">Deutsches Marken Summit<\/div>\n<div class=\"\">Deutscher Medienkongress<\/div>\n<div class=\"\">Die Nordischen Botschaften in Berlin<\/div>\n<div class=\"\">DRG-Reha Forum<\/div>\n<div class=\"\">DZ Bank, Frankfurt<\/div>\n<div class=\"\">Co-Reach, Messe, N\u00fcrnberg<\/div>\n<div class=\"\">Friedrich Ebert Stiftung<br \/>\nHaus und Grund<\/div>\n<div class=\"\">Hassia Gruppe<\/div>\n<div class=\"\">Industrieverb\u00e4nde Neustadt an der Weinstra\u00dfe<\/div>\n<div class=\"\">Institut f\u00fcr Arbeitsmarkt und Berufsforschung, N\u00fcrnberg<\/div>\n<div class=\"\">Institut f\u00fcr Medien IfM<\/div>\n<div class=\"\">Karl Renner Institut Wien<\/div>\n<div class=\"\">Konrad Adenauer Stiftung<\/div>\n<div class=\"\">Medienforum NRW<\/div>\n<div class=\"\">Marsh Claims Forum<\/div>\n<div class=\"\">Schwarzkopf Stiftung<\/div>\n<div class=\"\">Schweizerische Bankiersvereinigung, Bern<\/div>\n<div class=\"\">Stiftung Oper in Berlin<\/div>\n<div class=\"\">Verein der Ausl\u00e4ndischen Presse in Deutschland e.V.<\/div>\n<div class=\"\">Volkswagen AG<\/div>\n<div class=\"\">\n<p>WirtschaftsWoche<\/p>\n<p><a href=\"http:\/\/frank-stauss.de\/wordpress\/wp-content\/uploads\/2013\/03\/LanzII.jpg\"><img decoding=\"async\" loading=\"lazy\" class=\"alignnone size-large wp-image-1668\" src=\"http:\/\/frank-stauss.de\/wordpress\/wp-content\/uploads\/2013\/03\/LanzII-300x157.jpg\" alt=\"lanzii\" width=\"300\" height=\"157\" srcset=\"https:\/\/frank-stauss.de\/wordpress\/wp-content\/uploads\/2013\/03\/LanzII-300x157.jpg 300w, https:\/\/frank-stauss.de\/wordpress\/wp-content\/uploads\/2013\/03\/LanzII-150x79.jpg 150w, https:\/\/frank-stauss.de\/wordpress\/wp-content\/uploads\/2013\/03\/LanzII-768x403.jpg 768w, https:\/\/frank-stauss.de\/wordpress\/wp-content\/uploads\/2013\/03\/LanzII-1200x630.jpg 1200w\" sizes=\"(max-width: 300px) 85vw, 300px\" \/><\/a><\/p>\n<\/div>\n<\/div>\n<div class=\"\">\n<div class=\"\"><span style=\"text-decoration: underline;\"><b class=\"\">Vorlesungen \/ Keynotes an Universit\u00e4ten<\/b><\/span><\/div>\n<div class=\"\"><\/div>\n<div class=\"\">Europa Universit\u00e4t Viadrina<\/div>\n<div class=\"\">Hertie School of Governance<\/div>\n<div class=\"\">NRW School of Governance<\/div>\n<div class=\"\">Universit\u00e4t D\u00fcsseldorf (dort auch lange als Lehrbeauftragter)<\/div>\n<div class=\"\">Universit\u00e4t K\u00f6ln<\/div>\n<div class=\"\">Universit\u00e4t Mainz<\/div>\n<div class=\"\">Universit\u00e4t Mannheim<\/div>\n<div class=\"\">Universit\u00e4t Potsdam<\/div>\n<div class=\"\">Universit\u00e4t T\u00fcbingen<\/div>\n<div class=\"\">\n<p>The Graduate School of Political Management, Washington, DC<\/p>\n<\/div>\n<\/div>\n<div class=\"\"><a href=\"http:\/\/frank-stauss.de\/wordpress\/wp-content\/uploads\/2013\/03\/Bildschirmfoto-2018-03-20-um-09.17.02.png\"><img decoding=\"async\" loading=\"lazy\" class=\"alignnone size-large wp-image-2127\" src=\"http:\/\/frank-stauss.de\/wordpress\/wp-content\/uploads\/2013\/03\/Bildschirmfoto-2018-03-20-um-09.17.02-300x198.png\" alt=\"Bildschirmfoto 2018-03-20 um 09.17.02\" width=\"300\" height=\"198\" srcset=\"https:\/\/frank-stauss.de\/wordpress\/wp-content\/uploads\/2013\/03\/Bildschirmfoto-2018-03-20-um-09.17.02-300x198.png 300w, https:\/\/frank-stauss.de\/wordpress\/wp-content\/uploads\/2013\/03\/Bildschirmfoto-2018-03-20-um-09.17.02-150x99.png 150w, https:\/\/frank-stauss.de\/wordpress\/wp-content\/uploads\/2013\/03\/Bildschirmfoto-2018-03-20-um-09.17.02-768x506.png 768w, https:\/\/frank-stauss.de\/wordpress\/wp-content\/uploads\/2013\/03\/Bildschirmfoto-2018-03-20-um-09.17.02.png 1089w\" sizes=\"(max-width: 300px) 85vw, 300px\" \/><\/a><\/div>\n<div class=\"\">\n<div class=\"\"><span style=\"text-decoration: underline;\"><b class=\"\"><br \/>\nTV-Auftritte \/ Experteninterviews<\/b><\/span><\/div>\n<div class=\"\"><\/div>\n<div class=\"\">BBC World News<\/div>\n<div class=\"\">Berlin Direkt \/ZDF<\/div>\n<div class=\"\">Bericht aus Berlin \/ARD<\/div>\n<div class=\"\">Heute Journal<\/div>\n<div class=\"\">Maybrit Illner<\/div>\n<div class=\"\">Markus Lanz<\/div>\n<div class=\"\">Phoenix-Runde<\/div>\n<div class=\"\">Tagesschau<\/div>\n<div class=\"\">Tagesthemen<\/div>\n<div class=\"\">Thadeusz<\/div>\n<div class=\"\">ORF ZiB\/ZiB 2,<\/div>\n<div class=\"\">ORF Im Zentrum<\/div>\n<div class=\"\">\n<p>und viele mehr.<\/p>\n<p><a href=\"http:\/\/frank-stauss.de\/wordpress\/wp-content\/uploads\/2013\/03\/slider_bild_7.jpg\"><img decoding=\"async\" loading=\"lazy\" class=\"alignnone size-large wp-image-392\" src=\"http:\/\/frank-stauss.de\/wordpress\/wp-content\/uploads\/2013\/03\/slider_bild_7-300x169.jpg\" alt=\"slider_bild_7\" width=\"300\" height=\"169\" srcset=\"https:\/\/frank-stauss.de\/wordpress\/wp-content\/uploads\/2013\/03\/slider_bild_7-300x169.jpg 300w, https:\/\/frank-stauss.de\/wordpress\/wp-content\/uploads\/2013\/03\/slider_bild_7-150x84.jpg 150w, https:\/\/frank-stauss.de\/wordpress\/wp-content\/uploads\/2013\/03\/slider_bild_7.jpg 620w\" sizes=\"(max-width: 300px) 85vw, 300px\" \/><\/a><\/p>\n<\/div>\n<div class=\"\"><span style=\"text-decoration: underline;\"><b class=\"\">Autorent\u00e4tigkeit (Auswahl):<\/b><\/span><\/div>\n<div class=\"\"><\/div>\n<div class=\"\"><strong>H\u00f6llenritt Wahlkampf &#8211; Ein Insider Bericht<\/strong>, dtv, 2013 und 2017,<\/div>\n<div class=\"\">\n<p>Ein SPIEGEL BESTSELLER<\/p>\n<\/div>\n<\/div>\n<div class=\"\"><\/div>\n<div class=\"\"><a href=\"http:\/\/frank-stauss.de\/wordpress\/wp-content\/uploads\/2013\/06\/Virgin.jpg\"><img decoding=\"async\" loading=\"lazy\" class=\"alignnone size-large wp-image-476\" src=\"http:\/\/frank-stauss.de\/wordpress\/wp-content\/uploads\/2013\/06\/Virgin-300x225.jpg\" alt=\"Virgin\" width=\"300\" height=\"225\" srcset=\"https:\/\/frank-stauss.de\/wordpress\/wp-content\/uploads\/2013\/06\/Virgin-300x225.jpg 300w, https:\/\/frank-stauss.de\/wordpress\/wp-content\/uploads\/2013\/06\/Virgin-150x112.jpg 150w, https:\/\/frank-stauss.de\/wordpress\/wp-content\/uploads\/2013\/06\/Virgin-624x468.jpg 624w, https:\/\/frank-stauss.de\/wordpress\/wp-content\/uploads\/2013\/06\/Virgin.jpg 640w\" sizes=\"(max-width: 300px) 85vw, 300px\" \/><\/a><\/div>\n<div class=\"\">\n<div class=\"\"><strong><br \/>\nDas Geheimnis guter Kommunikation<\/strong> (Beitrag) \/Spiegel-Buch, dva<\/div>\n<div class=\"\"><\/div>\n<div class=\"\">\n<p><strong>Aiming High \u2013 Progressive Politics in A High-Risk, High-Opportunity Era<\/strong> (Beitrag)<\/p>\n<p><strong>Drehuchberatung<\/strong>, \u201eDie Stadt und die Macht\u201c (Mini-Serie, ARD)<\/p>\n<p>Zahlreiche Essays, Interviews etc. von STERN bis ZEIT, FAZ bis TAZ.<\/p>\n<p>St\u00e4ndige Radio-Pr\u00e4senz als Experte f\u00fcr Politische Kommunikation<\/p>\n<\/div>\n<\/div>\n<div class=\"\"><\/div>\n<div class=\"\"><a href=\"http:\/\/frank-stauss.de\/wordpress\/wp-content\/uploads\/2017\/08\/Tagesschau_Mit_11.8.17-1.jpg\"><img decoding=\"async\" loading=\"lazy\" class=\"alignnone size-large wp-image-1921\" src=\"http:\/\/frank-stauss.de\/wordpress\/wp-content\/uploads\/2017\/08\/Tagesschau_Mit_11.8.17-1-300x175.jpg\" alt=\"Tagesschau_Mit_11.8.17 (1)\" width=\"300\" height=\"175\" srcset=\"https:\/\/frank-stauss.de\/wordpress\/wp-content\/uploads\/2017\/08\/Tagesschau_Mit_11.8.17-1-300x175.jpg 300w, https:\/\/frank-stauss.de\/wordpress\/wp-content\/uploads\/2017\/08\/Tagesschau_Mit_11.8.17-1-150x87.jpg 150w, https:\/\/frank-stauss.de\/wordpress\/wp-content\/uploads\/2017\/08\/Tagesschau_Mit_11.8.17-1-768x448.jpg 768w, https:\/\/frank-stauss.de\/wordpress\/wp-content\/uploads\/2017\/08\/Tagesschau_Mit_11.8.17-1-1200x700.jpg 1200w\" sizes=\"(max-width: 300px) 85vw, 300px\" \/><\/a><\/div>\n<div class=\"\"><\/div>\n<div class=\"\"><\/div>\n","protected":false},"excerpt":{"rendered":"<p>Keynotes &#8211; Redner-Buchungen Frank Stauss hat als Keynote-Speaker und Panel-Teilnehmer bereits tausende Zuh\u00f6rer*innen begeistert. Seine Medienauftritte von Maybrit Illner bis Markus Lanz und Experteninterviews f\u00fcr BBC World News, Tagesschau, heute-journal, ZIB2 (ORF), Phoenix (Runde) und viele mehr unterstreichen diese Expertise. Buchen Sie Frank Stauss \u00fcber London Speaker Bureau Germany Gellertstr. 8 76185 Karlsruhe Telefon &amp; &hellip; <a href=\"https:\/\/frank-stauss.de\/index.php\/keynotes-buchungen\/\" class=\"more-link\"><span class=\"screen-reader-text\">\u201eKeynotes \/ Buchungen\u201c<\/span> weiterlesen<\/a><\/p>\n","protected":false},"author":1,"featured_media":0,"parent":0,"menu_order":0,"comment_status":"closed","ping_status":"closed","template":"","meta":[],"_links":{"self":[{"href":"https:\/\/frank-stauss.de\/index.php\/wp-json\/wp\/v2\/pages\/2544"}],"collection":[{"href":"https:\/\/frank-stauss.de\/index.php\/wp-json\/wp\/v2\/pages"}],"about":[{"href":"https:\/\/frank-stauss.de\/index.php\/wp-json\/wp\/v2\/types\/page"}],"author":[{"embeddable":true,"href":"https:\/\/frank-stauss.de\/index.php\/wp-json\/wp\/v2\/users\/1"}],"replies":[{"embeddable":true,"href":"https:\/\/frank-stauss.de\/index.php\/wp-json\/wp\/v2\/comments?post=2544"}],"version-history":[{"count":36,"href":"https:\/\/frank-stauss.de\/index.php\/wp-json\/wp\/v2\/pages\/2544\/revisions"}],"predecessor-version":[{"id":2864,"href":"https:\/\/frank-stauss.de\/index.php\/wp-json\/wp\/v2\/pages\/2544\/revisions\/2864"}],"wp:attachment":[{"href":"https:\/\/frank-stauss.de\/index.php\/wp-json\/wp\/v2\/media?parent=2544"}],"curies":[{"name":"wp","href":"https:\/\/api.w.org\/{rel}","templated":true}]}}