{"id":215,"date":"2013-03-30T15:44:19","date_gmt":"2013-03-30T13:44:19","guid":{"rendered":"http:\/\/frank-stauss.de\/wordpress\/?page_id=215"},"modified":"2013-04-09T18:08:45","modified_gmt":"2013-04-09T16:08:45","slug":"im-buch-ab-seite-71-zeitbomben-clintongore-1992","status":"publish","type":"page","link":"https:\/\/frank-stauss.de\/index.php\/materialien_zum_buch\/im-buch-ab-seite-71-zeitbomben-clintongore-1992\/","title":{"rendered":"<div>Im Buch ab Seite 71: <\/div>Zeitbomben, Clinton\/Gore 1992"},"content":{"rendered":"<p>Wie alles begann: Mit viel Gl\u00fcck und Spucke landete ich zwischen 1990-92 in Washington erst bei Al Gore und sp\u00e4ter in der Clinton\/Gore-Kampagne. F\u00fcr einen Wahlk\u00e4mpfer ist ein US-Pr\u00e4sidentschaftswahlkampf nat\u00fcrlich einfach &#8222;it&#8220; oder &#8222;the end&#8220; oder schlicht das Geilste, was einem passieren kann. Nach dem Wahlkampf in den USA schrieb ich ein langes und freches\u00a0Memo\u00a0an Bj\u00f6rn Engholm, den damaligen SPD-Vorsitzenden und potentiellen Kanzlerkandidaten. Von dort gelangte es zu Werner Butter und ich an meinen ersten Job als Werber. Warum Al Gore fast zwanzig Jahre sp\u00e4ter eine Entscheidung von 1991 die Pr\u00e4sidentschaft kosten sollte, das steht nat\u00fcrlich im Buch.<\/p>\n<p>Memo an Bj\u00f6rn Engholm (Download):<br \/>\n<a href=\"http:\/\/frank-stauss.de\/wordpress\/wp-content\/uploads\/2013\/03\/wahl92_memo.pdf\" target=\"_blank\"><img decoding=\"async\" loading=\"lazy\" class=\"alignnone size-medium wp-image-371\" alt=\"wahl92_memo\" src=\"http:\/\/frank-stauss.de\/wordpress\/wp-content\/uploads\/2013\/03\/wahl92_memo-105x150.jpg\" width=\"105\" height=\"150\" srcset=\"https:\/\/frank-stauss.de\/wordpress\/wp-content\/uploads\/2013\/03\/wahl92_memo-105x150.jpg 105w, https:\/\/frank-stauss.de\/wordpress\/wp-content\/uploads\/2013\/03\/wahl92_memo-211x300.jpg 211w, https:\/\/frank-stauss.de\/wordpress\/wp-content\/uploads\/2013\/03\/wahl92_memo.jpg 353w\" sizes=\"(max-width: 105px) 85vw, 105px\" \/><\/a><\/p>\n<p>Der Focus sorgte f\u00fcr meine ersten f\u00fcnf Minuten des Ruhms &#8211; wenn auch ohne mein Zutun. (Downloads)<br \/>\n<a href=\"http:\/\/frank-stauss.de\/wordpress\/wp-content\/uploads\/2013\/03\/wahl92_insight.pdf\" target=\"_blank\"><img decoding=\"async\" loading=\"lazy\" class=\"alignnone size-medium wp-image-223\" alt=\"wahl92_insight\" src=\"http:\/\/frank-stauss.de\/wordpress\/wp-content\/uploads\/2013\/03\/wahl92_insight-150x101.jpg\" width=\"150\" height=\"101\" srcset=\"https:\/\/frank-stauss.de\/wordpress\/wp-content\/uploads\/2013\/03\/wahl92_insight-150x101.jpg 150w, https:\/\/frank-stauss.de\/wordpress\/wp-content\/uploads\/2013\/03\/wahl92_insight-300x202.jpg 300w, https:\/\/frank-stauss.de\/wordpress\/wp-content\/uploads\/2013\/03\/wahl92_insight-624x421.jpg 624w, https:\/\/frank-stauss.de\/wordpress\/wp-content\/uploads\/2013\/03\/wahl92_insight.jpg 741w\" sizes=\"(max-width: 150px) 85vw, 150px\" \/><\/a>\u00a0\u00a0<a href=\"http:\/\/frank-stauss.de\/wordpress\/wp-content\/uploads\/2013\/03\/wahl92_focus.pdf\" target=\"_blank\"><img decoding=\"async\" loading=\"lazy\" class=\"alignnone size-medium wp-image-225\" alt=\"wahl92_focus\" src=\"http:\/\/frank-stauss.de\/wordpress\/wp-content\/uploads\/2013\/03\/wahl92_focus-106x150.jpg\" width=\"106\" height=\"150\" srcset=\"https:\/\/frank-stauss.de\/wordpress\/wp-content\/uploads\/2013\/03\/wahl92_focus-106x150.jpg 106w, https:\/\/frank-stauss.de\/wordpress\/wp-content\/uploads\/2013\/03\/wahl92_focus-212x300.jpg 212w, https:\/\/frank-stauss.de\/wordpress\/wp-content\/uploads\/2013\/03\/wahl92_focus.jpg 354w\" sizes=\"(max-width: 106px) 85vw, 106px\" \/><\/a><\/p>\n<p>Wahlkampf-Fotos: Mit Al Gore (und Haaren), im Senat, am Wahlabend und &#8222;Mobiltelefone&#8220; 1992 in Clinton, Maryland (vergr\u00f6\u00dfern durch anklicken).<br \/>\n<a href=\"http:\/\/frank-stauss.de\/wordpress\/wp-content\/uploads\/2013\/03\/wahl92_al_gore.jpg\"><img decoding=\"async\" loading=\"lazy\" class=\"alignnone size-medium wp-image-224\" alt=\"wahl92_al_gore\" src=\"http:\/\/frank-stauss.de\/wordpress\/wp-content\/uploads\/2013\/03\/wahl92_al_gore-114x150.jpg\" width=\"114\" height=\"150\" srcset=\"https:\/\/frank-stauss.de\/wordpress\/wp-content\/uploads\/2013\/03\/wahl92_al_gore-114x150.jpg 114w, https:\/\/frank-stauss.de\/wordpress\/wp-content\/uploads\/2013\/03\/wahl92_al_gore-229x300.jpg 229w, https:\/\/frank-stauss.de\/wordpress\/wp-content\/uploads\/2013\/03\/wahl92_al_gore.jpg 535w\" sizes=\"(max-width: 114px) 85vw, 114px\" \/><\/a>\u00a0\u00a0<a href=\"http:\/\/frank-stauss.de\/wordpress\/wp-content\/uploads\/2013\/03\/wahl92_gores_office.jpg\"><img decoding=\"async\" loading=\"lazy\" class=\"alignnone size-medium wp-image-227\" alt=\"wahl92_gores_office\" src=\"http:\/\/frank-stauss.de\/wordpress\/wp-content\/uploads\/2013\/03\/wahl92_gores_office-150x113.jpg\" width=\"150\" height=\"113\" srcset=\"https:\/\/frank-stauss.de\/wordpress\/wp-content\/uploads\/2013\/03\/wahl92_gores_office-150x113.jpg 150w, https:\/\/frank-stauss.de\/wordpress\/wp-content\/uploads\/2013\/03\/wahl92_gores_office-300x227.jpg 300w, https:\/\/frank-stauss.de\/wordpress\/wp-content\/uploads\/2013\/03\/wahl92_gores_office-624x474.jpg 624w, https:\/\/frank-stauss.de\/wordpress\/wp-content\/uploads\/2013\/03\/wahl92_gores_office.jpg 658w\" sizes=\"(max-width: 150px) 85vw, 150px\" \/><\/a>\u00a0\u00a0<a href=\"http:\/\/frank-stauss.de\/wordpress\/wp-content\/uploads\/2013\/03\/wahl92_wahsington_post.jpg\"><img decoding=\"async\" loading=\"lazy\" class=\"alignnone size-medium wp-image-230\" alt=\"wahl92_wahsington_post\" src=\"http:\/\/frank-stauss.de\/wordpress\/wp-content\/uploads\/2013\/03\/wahl92_wahsington_post-144x150.jpg\" width=\"144\" height=\"150\" srcset=\"https:\/\/frank-stauss.de\/wordpress\/wp-content\/uploads\/2013\/03\/wahl92_wahsington_post-144x150.jpg 144w, https:\/\/frank-stauss.de\/wordpress\/wp-content\/uploads\/2013\/03\/wahl92_wahsington_post-289x300.jpg 289w, https:\/\/frank-stauss.de\/wordpress\/wp-content\/uploads\/2013\/03\/wahl92_wahsington_post.jpg 483w\" sizes=\"(max-width: 144px) 85vw, 144px\" \/><\/a>\u00a0\u00a0<a style=\"line-height: 1.714285714; font-size: 1rem;\" href=\"http:\/\/frank-stauss.de\/wordpress\/wp-content\/uploads\/2013\/03\/wahl92_mobiltelefone.jpg\"><img decoding=\"async\" loading=\"lazy\" class=\"alignnone size-medium wp-image-229\" alt=\"wahl92_mobiltelefone\" src=\"http:\/\/frank-stauss.de\/wordpress\/wp-content\/uploads\/2013\/03\/wahl92_mobiltelefone-150x100.jpg\" width=\"150\" height=\"100\" srcset=\"https:\/\/frank-stauss.de\/wordpress\/wp-content\/uploads\/2013\/03\/wahl92_mobiltelefone-150x100.jpg 150w, https:\/\/frank-stauss.de\/wordpress\/wp-content\/uploads\/2013\/03\/wahl92_mobiltelefone-300x200.jpg 300w, https:\/\/frank-stauss.de\/wordpress\/wp-content\/uploads\/2013\/03\/wahl92_mobiltelefone-624x417.jpg 624w, https:\/\/frank-stauss.de\/wordpress\/wp-content\/uploads\/2013\/03\/wahl92_mobiltelefone.jpg 747w\" sizes=\"(max-width: 150px) 85vw, 150px\" \/><\/a><\/p>\n","protected":false},"excerpt":{"rendered":"<p>Wie alles begann: Mit viel Gl\u00fcck und Spucke landete ich zwischen 1990-92 in Washington erst bei Al Gore und sp\u00e4ter in der Clinton\/Gore-Kampagne. F\u00fcr einen Wahlk\u00e4mpfer ist ein US-Pr\u00e4sidentschaftswahlkampf nat\u00fcrlich einfach &#8222;it&#8220; oder &#8222;the end&#8220; oder schlicht das Geilste, was einem passieren kann. Nach dem Wahlkampf in den USA schrieb ich ein langes und freches\u00a0Memo\u00a0an &hellip; <a href=\"https:\/\/frank-stauss.de\/index.php\/materialien_zum_buch\/im-buch-ab-seite-71-zeitbomben-clintongore-1992\/\" class=\"more-link\"><span class=\"screen-reader-text\">\u201e<\/p>\n<div>Im Buch ab Seite 71: <\/div>\n<p>Zeitbomben, Clinton\/Gore 1992\u201c<\/span> weiterlesen<\/a><\/p>\n","protected":false},"author":1,"featured_media":0,"parent":65,"menu_order":0,"comment_status":"closed","ping_status":"closed","template":"","meta":[],"_links":{"self":[{"href":"https:\/\/frank-stauss.de\/index.php\/wp-json\/wp\/v2\/pages\/215"}],"collection":[{"href":"https:\/\/frank-stauss.de\/index.php\/wp-json\/wp\/v2\/pages"}],"about":[{"href":"https:\/\/frank-stauss.de\/index.php\/wp-json\/wp\/v2\/types\/page"}],"author":[{"embeddable":true,"href":"https:\/\/frank-stauss.de\/index.php\/wp-json\/wp\/v2\/users\/1"}],"replies":[{"embeddable":true,"href":"https:\/\/frank-stauss.de\/index.php\/wp-json\/wp\/v2\/comments?post=215"}],"version-history":[{"count":23,"href":"https:\/\/frank-stauss.de\/index.php\/wp-json\/wp\/v2\/pages\/215\/revisions"}],"predecessor-version":[{"id":381,"href":"https:\/\/frank-stauss.de\/index.php\/wp-json\/wp\/v2\/pages\/215\/revisions\/381"}],"up":[{"embeddable":true,"href":"https:\/\/frank-stauss.de\/index.php\/wp-json\/wp\/v2\/pages\/65"}],"wp:attachment":[{"href":"https:\/\/frank-stauss.de\/index.php\/wp-json\/wp\/v2\/media?parent=215"}],"curies":[{"name":"wp","href":"https:\/\/api.w.org\/{rel}","templated":true}]}}