{"id":154,"date":"2013-03-28T14:24:22","date_gmt":"2013-03-28T12:24:22","guid":{"rendered":"http:\/\/frank-stauss.de\/wordpress\/?page_id=154"},"modified":"2025-01-07T13:26:50","modified_gmt":"2025-01-07T11:26:50","slug":"buch-ab","status":"publish","type":"page","link":"https:\/\/frank-stauss.de\/index.php\/materialien_zum_buch\/buch-ab\/","title":{"rendered":"<div>Im Buch ab Seite 79: <\/div>Bundestagswahl 2005 &#8211; der H\u00f6llenritt"},"content":{"rendered":"<p>Nie zuvor wurden in so kurzer Zeit so viele W\u00e4hlerstimmen bewegt wie in dieser fulminanten Schlacht um die Macht.\u00a0Wie man einen 20-Prozent-Vorsprung in nur 10 Wochen verspielt &#8211; das steht zu unser aller \u00dcberraschung in Tagebuchform im Buch. Erste Leser erz\u00e4hlten mir, sie h\u00e4tten bis zum Ende mitgefiebert, wie es denn ausgehen w\u00fcrde. Obwohl der Ausgang ja bekannt ist. Das ist dann wohl so \u00e4hnlich wie bei dem Titanic-Film. Da weiss man ja auch, wie es endet &#8211; und hofft dennoch f\u00fcr Leonardo&#8230;<\/p>\n<p>Politikaward 2005: Sieger<\/p>\n<p>Plakate (Gerhard Schr\u00f6der fotografiert von Marco Urban):<br \/>\n<a href=\"http:\/\/frank-stauss.de\/wordpress\/wp-content\/uploads\/2013\/03\/wk_2005_frieden.jpg\"><img decoding=\"async\" loading=\"lazy\" src=\"http:\/\/frank-stauss.de\/wordpress\/wp-content\/uploads\/2013\/03\/wk_2005_frieden-300x212.jpg\" alt=\"Wahlkampf 2005: Plakat Frieden\" width=\"150\" height=\"106\" \/><\/a>\u00a0\u00a0<a href=\"http:\/\/frank-stauss.de\/wordpress\/wp-content\/uploads\/2013\/03\/wk_2005_gerechtigkeit.jpg\"><img decoding=\"async\" loading=\"lazy\" src=\"http:\/\/frank-stauss.de\/wordpress\/wp-content\/uploads\/2013\/03\/wk_2005_gerechtigkeit-300x212.jpg\" alt=\"Wahlkampf 2005: Plakat Gerechtigkeit\" width=\"150\" height=\"106\" \/><\/a>\u00a0\u00a0<a href=\"http:\/\/frank-stauss.de\/wordpress\/wp-content\/uploads\/2013\/03\/wk_2005_reformen.jpg\"><img decoding=\"async\" loading=\"lazy\" src=\"http:\/\/frank-stauss.de\/wordpress\/wp-content\/uploads\/2013\/03\/wk_2005_reformen-300x211.jpg\" alt=\"Wahlkampf 2005: Plakat Kanzler Arbeit\" width=\"150\" height=\"105\" \/><\/a>\u00a0\u00a0<a href=\"http:\/\/frank-stauss.de\/wordpress\/wp-content\/uploads\/2013\/03\/wk_2005_soziale_sichern.jpg\"><img decoding=\"async\" loading=\"lazy\" src=\"http:\/\/frank-stauss.de\/wordpress\/wp-content\/uploads\/2013\/03\/wk_2005_soziale_sichern-300x211.jpg\" alt=\"Wahlkampf 2005: Plakat Kanzler Gerechtigkeit\" width=\"150\" height=\"105\" \/><\/a>\u00a0<a href=\"http:\/\/frank-stauss.de\/wordpress\/wp-content\/uploads\/2013\/03\/wk_2005_standhaft.jpg\"><img decoding=\"async\" loading=\"lazy\" src=\"http:\/\/frank-stauss.de\/wordpress\/wp-content\/uploads\/2013\/03\/wk_2005_standhaft-300x211.jpg\" alt=\"Wahlkampf 2005: Plakat Kanzler Frieden\" width=\"150\" height=\"105\" \/><\/a><\/p>\n<p>Sonderplakat und SPIEGEL Innenseite:<br \/>\n<img decoding=\"async\" loading=\"lazy\" src=\"http:\/\/frank-stauss.de\/wordpress\/wp-content\/uploads\/2013\/03\/wk_2005_merkelsteuer-105x150.jpg\" alt=\"Wahlkampf 2005: Plakat Merkelsteuer\" width=\"105\" height=\"150\" \/>\u00a0\u00a0<img decoding=\"async\" loading=\"lazy\" src=\"http:\/\/frank-stauss.de\/wordpress\/wp-content\/uploads\/2013\/03\/wk_2005_kirchhofliste-150x84.jpg\" alt=\"Wahlkampf 2005: Zeitungsausartikel Kirchhofliste\" width=\"150\" height=\"84\" \/><\/p>\n<p>Download: Wahlkampf-Dokumentation des SPD Parteivorstands:<\/p>\n<p><a href=\"http:\/\/frank-stauss.de\/wordpress\/wp-content\/uploads\/2025\/01\/Bildschirm\u00adfoto-2025-01-07-um-12.24.15.png\"><img decoding=\"async\" loading=\"lazy\" class=\"alignnone size-large wp-image-2964\" src=\"http:\/\/frank-stauss.de\/wordpress\/wp-content\/uploads\/2025\/01\/Bildschirm\u00adfoto-2025-01-07-um-12.24.15-300x209.png\" alt=\"\" width=\"300\" height=\"209\" srcset=\"https:\/\/frank-stauss.de\/wordpress\/wp-content\/uploads\/2025\/01\/Bildschirm\u00adfoto-2025-01-07-um-12.24.15-300x209.png 300w, https:\/\/frank-stauss.de\/wordpress\/wp-content\/uploads\/2025\/01\/Bildschirm\u00adfoto-2025-01-07-um-12.24.15-150x104.png 150w, https:\/\/frank-stauss.de\/wordpress\/wp-content\/uploads\/2025\/01\/Bildschirm\u00adfoto-2025-01-07-um-12.24.15-768x535.png 768w, https:\/\/frank-stauss.de\/wordpress\/wp-content\/uploads\/2025\/01\/Bildschirm\u00adfoto-2025-01-07-um-12.24.15-1200x835.png 1200w, https:\/\/frank-stauss.de\/wordpress\/wp-content\/uploads\/2025\/01\/Bildschirm\u00adfoto-2025-01-07-um-12.24.15.png 1500w\" sizes=\"(max-width: 300px) 85vw, 300px\" \/><\/a><\/p>\n<p><a href=\"http:\/\/frank-stauss.de\/wordpress\/wp-content\/uploads\/2025\/01\/SPD_Wahlkampf-doku-2005-komplett.pdf\">SPD_Wahlkampf-doku-2005 komplett<\/a><\/p>\n<p>TV-Spots:<br \/>\n(Produktion: Gerhard Schr\u00f6der: Laszlo Kadar Film; Merkel-Flip-Flop: telemaz Berlin; Kampagnenmusik: audioforce.)<\/p>\n<p>http:\/\/www.youtube.com\/watch?v=2yQTw1ISHbA&#038;feature=youtu.be<\/p>\n<p>http:\/\/www.youtube.com\/watch?v=Zo7Hu1nGcik&#038;feature=youtu.be<\/p>\n<p>http:\/\/www.youtube.com\/watch?v=nBT3zxA45jg&#038;feature=youtu.be<\/p>\n","protected":false},"excerpt":{"rendered":"<p>Nie zuvor wurden in so kurzer Zeit so viele W\u00e4hlerstimmen bewegt wie in dieser fulminanten Schlacht um die Macht.\u00a0Wie man einen 20-Prozent-Vorsprung in nur 10 Wochen verspielt &#8211; das steht zu unser aller \u00dcberraschung in Tagebuchform im Buch. Erste Leser erz\u00e4hlten mir, sie h\u00e4tten bis zum Ende mitgefiebert, wie es denn ausgehen w\u00fcrde. Obwohl der &hellip; <a href=\"https:\/\/frank-stauss.de\/index.php\/materialien_zum_buch\/buch-ab\/\" class=\"more-link\"><span class=\"screen-reader-text\">\u201e<\/p>\n<div>Im Buch ab Seite 79: <\/div>\n<p>Bundestagswahl 2005 &#8211; der H\u00f6llenritt\u201c<\/span> weiterlesen<\/a><\/p>\n","protected":false},"author":1,"featured_media":0,"parent":65,"menu_order":0,"comment_status":"closed","ping_status":"closed","template":"","meta":[],"_links":{"self":[{"href":"https:\/\/frank-stauss.de\/index.php\/wp-json\/wp\/v2\/pages\/154"}],"collection":[{"href":"https:\/\/frank-stauss.de\/index.php\/wp-json\/wp\/v2\/pages"}],"about":[{"href":"https:\/\/frank-stauss.de\/index.php\/wp-json\/wp\/v2\/types\/page"}],"author":[{"embeddable":true,"href":"https:\/\/frank-stauss.de\/index.php\/wp-json\/wp\/v2\/users\/1"}],"replies":[{"embeddable":true,"href":"https:\/\/frank-stauss.de\/index.php\/wp-json\/wp\/v2\/comments?post=154"}],"version-history":[{"count":25,"href":"https:\/\/frank-stauss.de\/index.php\/wp-json\/wp\/v2\/pages\/154\/revisions"}],"predecessor-version":[{"id":2966,"href":"https:\/\/frank-stauss.de\/index.php\/wp-json\/wp\/v2\/pages\/154\/revisions\/2966"}],"up":[{"embeddable":true,"href":"https:\/\/frank-stauss.de\/index.php\/wp-json\/wp\/v2\/pages\/65"}],"wp:attachment":[{"href":"https:\/\/frank-stauss.de\/index.php\/wp-json\/wp\/v2\/media?parent=154"}],"curies":[{"name":"wp","href":"https:\/\/api.w.org\/{rel}","templated":true}]}}